{"id":12053,"date":"2025-04-27T21:31:26","date_gmt":"2025-04-27T18:31:26","guid":{"rendered":"https:\/\/amixadvertising.com\/product\/notizbuch-mit-hardcover\/"},"modified":"2025-04-27T21:31:26","modified_gmt":"2025-04-27T18:31:26","slug":"notizbuch-mit-hardcover","status":"publish","type":"product","link":"https:\/\/amixadvertising.com\/de\/product\/notizbuch-mit-hardcover\/","title":{"rendered":"Notizbuch mit Hardcover"},"content":{"rendered":"<p>Das beste Notizbuch mit Hardcover aus Leder in \u00c4gypten.<br \/>\nDie gr\u00f6\u00dfte und exklusivste Auswahl zu den niedrigsten Preisen von Amix.<br \/>\nGenie\u00dfen Sie ein einzigartiges Schreiberlebnis mit dem Notizbuch mit Hardcover aus Leder, das Eleganz und Luxus in seinem einzigartigen Design vereint.<br \/>\nDas \u00e4u\u00dfere Cover ist aus hochwertigem Leder gefertigt, was Ihnen eine weiche Haptik und ein edles Aussehen verleiht.<br \/>\nDie Seiten enthalten cremefarbenes Papier, das das Schreiben erleichtert und die Augenbelastung reduziert.<br \/>\nDas Design umfasst eine Vielzahl von stilvollen Formen und Designs, wodurch es ideal f\u00fcr den pers\u00f6nlichen Gebrauch oder als besonderes Geschenk ist.<br \/>\nDar\u00fcber hinaus k\u00f6nnen Sie es durch das Aufdrucken Ihres Firmenlogos oder das Lasergravieren personalisieren, was eine besondere pers\u00f6nliche Note verleiht, die die Identit\u00e4t Ihrer Marke widerspiegelt.<br \/>\nOb Sie es zum Notieren von Notizen, kreativen Ideen oder Tagespl\u00e4nen verwenden, es ist die ideale Wahl f\u00fcr alle, die Eleganz und Funktionalit\u00e4t in einem suchen.<br \/>\nHolen Sie es sich noch heute und genie\u00dfen Sie ein unverwechselbares und einzigartiges Schreiberlebnis!<br \/>\nSie k\u00f6nnen auch einen Notizblock zu einem g\u00fcnstigeren Preis \u00fcber die Notizblock-Seite erstellen und einen Stift zu einem angemessenen Preis hinzuf\u00fcgen.<\/p>\n<p>Sie k\u00f6nnen unsere neuesten Nachrichten und Arbeiten \u00fcber Facebook verfolgen.<\/p>\n","protected":false},"excerpt":{"rendered":"<p>Das beste Notizbuch mit Hardcover aus Leder in \u00c4gypten.<br \/>\nDie gr\u00f6\u00dfte und exklusivste Auswahl zu den niedrigsten Preisen.<br \/>\nDas Firmenlogo und der Firmenname k\u00f6nnen mit h\u00f6chster Qualit\u00e4t aufgedruckt oder gelasert werden.<\/p>\n","protected":false},"featured_media":12054,"comment_status":"open","ping_status":"closed","template":"","meta":{"_acf_changed":false},"product_brand":[],"product_cat":[55],"product_tag":[],"class_list":{"0":"post-12053","1":"product","2":"type-product","3":"status-publish","4":"has-post-thumbnail","6":"product_cat-corporate-gifts","8":"first","9":"instock","10":"shipping-taxable","11":"product-type-variable"},"exclude_global_add_ons":false,"addons":[{"name":"\u0623\u0643\u062a\u0628 \u0645\u0644\u0627\u062d\u0638\u0627\u062a\u0643 \u0645\u0639 \u0627\u0644\u0637\u0644\u0628","type":"custom_textarea","position":0,"required":false,"title_format":"label","default":"","description_enable":true,"description":"\u062d\u062f \u0627\u0642\u0635\u064a 400 \u062d\u0631\u0641","placeholder_enable":false,"placeholder":"","display":"select","restrictions_type":"any_text","adjust_price":false,"price":"","price_type":"flat_fee","restrictions":true,"min":"0","max":"400","options":[],"id":1745795356},{"name":"\u0647\u0644 \u064a\u0648\u062c\u062f \u0644\u062f\u064a\u0643 \u062a\u0635\u0645\u064a\u0645 (\u0627\u0631\u0641\u0639 \u062a\u0635\u0645\u064a\u0645)","type":"file_upload","position":1,"required":false,"title_format":"label","default":"","description_enable":false,"description":"","placeholder_enable":false,"placeholder":"","display":"select","restrictions_type":"any_text","adjust_price":false,"price":"","price_type":"flat_fee","restrictions":false,"min":"0","max":"0","options":[],"id":1745795357}],"acf":[],"_links":{"self":[{"href":"https:\/\/amixadvertising.com\/de\/wp-json\/wp\/v2\/product\/12053","targetHints":{"allow":["GET"]}}],"collection":[{"href":"https:\/\/amixadvertising.com\/de\/wp-json\/wp\/v2\/product"}],"about":[{"href":"https:\/\/amixadvertising.com\/de\/wp-json\/wp\/v2\/types\/product"}],"replies":[{"embeddable":true,"href":"https:\/\/amixadvertising.com\/de\/wp-json\/wp\/v2\/comments?post=12053"}],"wp:featuredmedia":[{"embeddable":true,"href":"https:\/\/amixadvertising.com\/de\/wp-json\/wp\/v2\/media\/12054"}],"wp:attachment":[{"href":"https:\/\/amixadvertising.com\/de\/wp-json\/wp\/v2\/media?parent=12053"}],"wp:term":[{"taxonomy":"product_brand","embeddable":true,"href":"https:\/\/amixadvertising.com\/de\/wp-json\/wp\/v2\/product_brand?post=12053"},{"taxonomy":"product_cat","embeddable":true,"href":"https:\/\/amixadvertising.com\/de\/wp-json\/wp\/v2\/product_cat?post=12053"},{"taxonomy":"product_tag","embeddable":true,"href":"https:\/\/amixadvertising.com\/de\/wp-json\/wp\/v2\/product_tag?post=12053"}],"curies":[{"name":"wp","href":"https:\/\/api.w.org\/{rel}","templated":true}]}}