{"id":12047,"date":"2025-04-27T21:30:08","date_gmt":"2025-04-27T18:30:08","guid":{"rendered":"https:\/\/amixadvertising.com\/product\/twitter-anzeigen\/"},"modified":"2025-04-27T21:30:08","modified_gmt":"2025-04-27T18:30:08","slug":"twitter-anzeigen","status":"publish","type":"product","link":"https:\/\/amixadvertising.com\/de\/product\/twitter-anzeigen\/","title":{"rendered":"Twitter-Anzeigen"},"content":{"rendered":"<p>Twitter-Anzeigen<br \/>\nTwitter ist eine der meistgenutzten und aktivsten Social-Media-Plattformen und kann eine der besten Marketingplattformen im Internet sein, da Twitter Ihnen die M\u00f6glichkeit bietet, die Region, das Alter und die Interessen der Zielgruppe f\u00fcr die Schaltung Ihrer Anzeigen auszuw\u00e4hlen. Sie ben\u00f6tigen keine Kreditkarte oder Vorkenntnisse, da wir von Amix uns um Ihre Twitter-Marketingkampagne k\u00fcmmern und Ihre Anzeige einer m\u00f6glichst gro\u00dfen Anzahl von Zuschauern zukommen lassen, die an Ihren Produkten und Dienstleistungen interessiert sind.<br \/>\nKontaktieren Sie uns jetzt, um mehr \u00fcber unsere E-Marketing-Pakete \u00fcber Twitter zu erfahren.<br \/>\nSie k\u00f6nnen unsere neuesten Nachrichten und Arbeiten \u00fcber Facebook verfolgen<br \/>\noder Sie k\u00f6nnen uns kontaktieren \u00fcber <\/p>\n<p>Verkauf: +201156158910<br \/>\nKundendienst: +201156158910  <\/p>\n","protected":false},"excerpt":{"rendered":"<p>Twitter-Anzeigen<\/p>\n","protected":false},"featured_media":12048,"comment_status":"open","ping_status":"closed","template":"","meta":{"_acf_changed":false},"product_brand":[],"product_cat":[104,105],"product_tag":[],"class_list":{"0":"post-12047","1":"product","2":"type-product","3":"status-publish","4":"has-post-thumbnail","6":"product_cat-104","7":"product_cat-105","9":"first","10":"instock","11":"shipping-taxable","12":"product-type-variable"},"exclude_global_add_ons":false,"addons":[{"name":"\u0623\u0643\u062a\u0628 \u0645\u0644\u0627\u062d\u0638\u0627\u062a\u0643 \u0645\u0639 \u0627\u0644\u0637\u0644\u0628","type":"custom_textarea","position":0,"required":false,"title_format":"label","default":"","description_enable":true,"description":"\u062d\u062f \u0627\u0642\u0635\u064a 400 \u062d\u0631\u0641","placeholder_enable":false,"placeholder":"","display":"select","restrictions_type":"any_text","adjust_price":false,"price":"","price_type":"flat_fee","restrictions":true,"min":"0","max":"400","options":[],"id":1745795356},{"name":"\u0647\u0644 \u064a\u0648\u062c\u062f \u0644\u062f\u064a\u0643 \u062a\u0635\u0645\u064a\u0645 (\u0627\u0631\u0641\u0639 \u062a\u0635\u0645\u064a\u0645)","type":"file_upload","position":1,"required":false,"title_format":"label","default":"","description_enable":false,"description":"","placeholder_enable":false,"placeholder":"","display":"select","restrictions_type":"any_text","adjust_price":false,"price":"","price_type":"flat_fee","restrictions":false,"min":"0","max":"0","options":[],"id":1745795357}],"acf":[],"_links":{"self":[{"href":"https:\/\/amixadvertising.com\/de\/wp-json\/wp\/v2\/product\/12047","targetHints":{"allow":["GET"]}}],"collection":[{"href":"https:\/\/amixadvertising.com\/de\/wp-json\/wp\/v2\/product"}],"about":[{"href":"https:\/\/amixadvertising.com\/de\/wp-json\/wp\/v2\/types\/product"}],"replies":[{"embeddable":true,"href":"https:\/\/amixadvertising.com\/de\/wp-json\/wp\/v2\/comments?post=12047"}],"wp:featuredmedia":[{"embeddable":true,"href":"https:\/\/amixadvertising.com\/de\/wp-json\/wp\/v2\/media\/12048"}],"wp:attachment":[{"href":"https:\/\/amixadvertising.com\/de\/wp-json\/wp\/v2\/media?parent=12047"}],"wp:term":[{"taxonomy":"product_brand","embeddable":true,"href":"https:\/\/amixadvertising.com\/de\/wp-json\/wp\/v2\/product_brand?post=12047"},{"taxonomy":"product_cat","embeddable":true,"href":"https:\/\/amixadvertising.com\/de\/wp-json\/wp\/v2\/product_cat?post=12047"},{"taxonomy":"product_tag","embeddable":true,"href":"https:\/\/amixadvertising.com\/de\/wp-json\/wp\/v2\/product_tag?post=12047"}],"curies":[{"name":"wp","href":"https:\/\/api.w.org\/{rel}","templated":true}]}}