{"id":12043,"date":"2025-04-27T21:30:07","date_gmt":"2025-04-27T18:30:07","guid":{"rendered":"https:\/\/amixadvertising.com\/product\/facebook-anzeigen\/"},"modified":"2025-04-27T21:30:07","modified_gmt":"2025-04-27T18:30:07","slug":"facebook-anzeigen","status":"publish","type":"product","link":"https:\/\/amixadvertising.com\/de\/product\/facebook-anzeigen\/","title":{"rendered":"Facebook-Anzeigen"},"content":{"rendered":"<p>Facebook-Anzeigen<br \/>\nFacebook-Anzeigen gelten als die st\u00e4rksten Anzeigen im Internet. Sie k\u00f6nnen Ihre Produkte auf verschiedene Weise vermarkten, z. B. mit Bildern und Videos, mit einem unverwechselbaren Design und ansprechenden Werbeinhalten. Es ist auch m\u00f6glich, eine spezielle Seite f\u00fcr Ihr Unternehmen oder Ihr Fachgebiet zu erstellen.<br \/>\nGesponserte Werbung auf Facebook<br \/>\nGesponserte Werbung bietet Ihnen die M\u00f6glichkeit, eine m\u00f6glichst gro\u00dfe Anzahl von Zuschauern zu erreichen und ihnen Ihre Produkte zu pr\u00e4sentieren. Es ist erw\u00e4hnenswert, dass Sie die Anzahl der Zuschauer steuern und Ihre Anzeige nur denjenigen zeigen k\u00f6nnen, die an Ihren Produkten oder Dienstleistungen interessiert sind. Sie k\u00f6nnen auch die Regionen ausw\u00e4hlen, in denen Sie Ihre Anzeigen schalten m\u00f6chten, um Zeit und M\u00fche zu sparen.<br \/>\nGesponserte Werbung zielt darauf ab, die Anzahl der Follower und die Interaktion zu erh\u00f6hen.<br \/>\nSie k\u00f6nnen Ihre Anzeige einer m\u00f6glichst gro\u00dfen Anzahl interessierter Zuschauer zeigen, ohne dass Sie eine Kreditkarte oder Vorkenntnisse ben\u00f6tigen. Wir erstellen ein unverwechselbares Design, das jedem Geschmack entspricht, und kontrollieren Alter, Geschlecht und Interessen der Zielgruppe f\u00fcr die Anzeige. Kontaktieren Sie uns jetzt, um mehr zu erfahren  <\/p>\n","protected":false},"excerpt":{"rendered":"<p>Facebook-Anzeigen<\/p>\n","protected":false},"featured_media":12044,"comment_status":"open","ping_status":"closed","template":"","meta":{"_acf_changed":false},"product_brand":[],"product_cat":[104,105],"product_tag":[],"class_list":{"0":"post-12043","1":"product","2":"type-product","3":"status-publish","4":"has-post-thumbnail","6":"product_cat-104","7":"product_cat-105","9":"first","10":"instock","11":"shipping-taxable","12":"product-type-variable"},"exclude_global_add_ons":false,"addons":[{"name":"\u0623\u0643\u062a\u0628 \u0645\u0644\u0627\u062d\u0638\u0627\u062a\u0643 \u0645\u0639 \u0627\u0644\u0637\u0644\u0628","type":"custom_textarea","position":0,"required":false,"title_format":"label","default":"","description_enable":true,"description":"\u062d\u062f \u0627\u0642\u0635\u064a 400 \u062d\u0631\u0641","placeholder_enable":false,"placeholder":"","display":"select","restrictions_type":"any_text","adjust_price":false,"price":"","price_type":"flat_fee","restrictions":true,"min":"0","max":"400","options":[],"id":1745795356},{"name":"\u0647\u0644 \u064a\u0648\u062c\u062f \u0644\u062f\u064a\u0643 \u062a\u0635\u0645\u064a\u0645 (\u0627\u0631\u0641\u0639 \u062a\u0635\u0645\u064a\u0645)","type":"file_upload","position":1,"required":false,"title_format":"label","default":"","description_enable":false,"description":"","placeholder_enable":false,"placeholder":"","display":"select","restrictions_type":"any_text","adjust_price":false,"price":"","price_type":"flat_fee","restrictions":false,"min":"0","max":"0","options":[],"id":1745795357}],"acf":[],"_links":{"self":[{"href":"https:\/\/amixadvertising.com\/de\/wp-json\/wp\/v2\/product\/12043","targetHints":{"allow":["GET"]}}],"collection":[{"href":"https:\/\/amixadvertising.com\/de\/wp-json\/wp\/v2\/product"}],"about":[{"href":"https:\/\/amixadvertising.com\/de\/wp-json\/wp\/v2\/types\/product"}],"replies":[{"embeddable":true,"href":"https:\/\/amixadvertising.com\/de\/wp-json\/wp\/v2\/comments?post=12043"}],"wp:featuredmedia":[{"embeddable":true,"href":"https:\/\/amixadvertising.com\/de\/wp-json\/wp\/v2\/media\/12044"}],"wp:attachment":[{"href":"https:\/\/amixadvertising.com\/de\/wp-json\/wp\/v2\/media?parent=12043"}],"wp:term":[{"taxonomy":"product_brand","embeddable":true,"href":"https:\/\/amixadvertising.com\/de\/wp-json\/wp\/v2\/product_brand?post=12043"},{"taxonomy":"product_cat","embeddable":true,"href":"https:\/\/amixadvertising.com\/de\/wp-json\/wp\/v2\/product_cat?post=12043"},{"taxonomy":"product_tag","embeddable":true,"href":"https:\/\/amixadvertising.com\/de\/wp-json\/wp\/v2\/product_tag?post=12043"}],"curies":[{"name":"wp","href":"https:\/\/api.w.org\/{rel}","templated":true}]}}