{"id":12019,"date":"2025-04-27T21:23:12","date_gmt":"2025-04-27T18:23:12","guid":{"rendered":"https:\/\/amixadvertising.com\/product\/aerzteangebot\/"},"modified":"2025-04-27T21:23:12","modified_gmt":"2025-04-27T18:23:12","slug":"aerzteangebot","status":"publish","type":"product","link":"https:\/\/amixadvertising.com\/de\/product\/aerzteangebot\/","title":{"rendered":"\u00c4rzteangebot"},"content":{"rendered":"<p>&nbsp;<\/p>\n","protected":false},"excerpt":{"rendered":"<p>Doktor und m\u00f6chten alle Drucksachen Ihrer Klinik auf eine Weise drucken, die Sie vor Ihren<br \/>\n Kunden ehrt, und das auch noch zu einem guten Preis? Unser \u00c4rzteangebot umfasst:<\/p>\n<p> 20 farbige Rezeptbl\u00f6cke + 10 farbige R\u00f6ntgenbl\u00f6cke + 10 farbige Analysebl\u00f6cke<br \/>\n + 1000 Visitenkarten + 1000 Rabattkarten, beidseitig bedruckt, 300 g\/m\u00b2 Bilderdruckpapier, cellophaniert.<br \/>\n All dies im \u00c4rzteangebot f\u00fcr 3300 anstatt 4300.<\/p>\n","protected":false},"featured_media":12020,"comment_status":"open","ping_status":"closed","template":"","meta":{"_acf_changed":false},"product_brand":[],"product_cat":[101,102,54],"product_tag":[],"class_list":{"0":"post-12019","1":"product","2":"type-product","3":"status-publish","4":"has-post-thumbnail","6":"product_cat-101","7":"product_cat-102","8":"product_cat-printing-products","10":"first","11":"instock","12":"shipping-taxable","13":"product-type-simple"},"acf":[],"jetpack_sharing_enabled":true,"_links":{"self":[{"href":"https:\/\/amixadvertising.com\/de\/wp-json\/wp\/v2\/product\/12019","targetHints":{"allow":["GET"]}}],"collection":[{"href":"https:\/\/amixadvertising.com\/de\/wp-json\/wp\/v2\/product"}],"about":[{"href":"https:\/\/amixadvertising.com\/de\/wp-json\/wp\/v2\/types\/product"}],"replies":[{"embeddable":true,"href":"https:\/\/amixadvertising.com\/de\/wp-json\/wp\/v2\/comments?post=12019"}],"wp:featuredmedia":[{"embeddable":true,"href":"https:\/\/amixadvertising.com\/de\/wp-json\/wp\/v2\/media\/12020"}],"wp:attachment":[{"href":"https:\/\/amixadvertising.com\/de\/wp-json\/wp\/v2\/media?parent=12019"}],"wp:term":[{"taxonomy":"product_brand","embeddable":true,"href":"https:\/\/amixadvertising.com\/de\/wp-json\/wp\/v2\/product_brand?post=12019"},{"taxonomy":"product_cat","embeddable":true,"href":"https:\/\/amixadvertising.com\/de\/wp-json\/wp\/v2\/product_cat?post=12019"},{"taxonomy":"product_tag","embeddable":true,"href":"https:\/\/amixadvertising.com\/de\/wp-json\/wp\/v2\/product_tag?post=12019"}],"curies":[{"name":"wp","href":"https:\/\/api.w.org\/{rel}","templated":true}]}}