{"id":12015,"date":"2025-04-27T21:22:41","date_gmt":"2025-04-27T18:22:41","guid":{"rendered":"https:\/\/amixadvertising.com\/product\/flyer\/"},"modified":"2025-04-27T21:22:41","modified_gmt":"2025-04-27T18:22:41","slug":"flyer","status":"publish","type":"product","link":"https:\/\/amixadvertising.com\/de\/product\/flyer\/","title":{"rendered":"Flyer"},"content":{"rendered":"<p>Flyerdruck \u2013 Verteilungsblatt<\/p>\n<p>Der Flyer ist die beste schnelle Wahl f\u00fcr Werbung und die Verbreitung des Namens Ihres Unternehmens oder Ihrer Marke.<br \/>\nSie k\u00f6nnen ihn an Autos oder an Ihre Kunden verteilen und das Firmenlogo oder Ihre Marke, Adresse, Kontaktinformationen und Produktpreise auf einfache und unverwechselbare Weise darstellen.<br \/>\nDie St\u00e4rke des Flyers beschr\u00e4nkt sich nicht nur auf die Werbung f\u00fcr Unternehmen, sondern f\u00fcr jeden Gewerbebetrieb, da auch Druck f\u00fcr Restaurants verf\u00fcgbar ist, da es sich nicht nur um Werbepapiere f\u00fcr Gesch\u00e4fte handelt. Die Idee der Werbung durch ihn besteht darin, das Etikett des Ortes und die Dinge, die ihn auszeichnen, in kurzer und einfacher Form zu drucken.<br \/>\nAmix Advertising, das gr\u00f6\u00dfte Werbeunternehmen in \u00c4gypten, bietet Ihnen den Druck von Flyern in allen Gr\u00f6\u00dfen mit h\u00f6chster Druckqualit\u00e4t, Farben und unverwechselbaren, modernen Designs.<br \/>\nDie wichtigsten Vorteile des Flyers <\/p>\n<p>Professionelles Design: Der Flyer kann so gestaltet werden, dass er die visuelle Identit\u00e4t der Marke widerspiegelt, was ihn f\u00fcr das Auge attraktiv macht und dazu beitr\u00e4gt, einen positiven Eindruck beim Publikum zu hinterlassen.<br \/>\nKnapper und klarer Inhalt: Der Flyer zielt darauf ab, Informationen so einfach wie m\u00f6glich zu pr\u00e4sentieren, wobei der Schwerpunkt auf den wichtigsten Punkten liegt, die f\u00fcr die Kunden von Interesse sind.<br \/>\nVielf\u00e4ltige Einsatzm\u00f6glichkeiten: Der Flyer wird bei einer Vielzahl von Veranstaltungen eingesetzt, wie z. B. Messen, Partys und Konferenzen, was ihn zu einem vielseitigen Werkzeug macht.<br \/>\nEinfaches Tragen und Verteilen: Dank seines geringen Gewichts und seiner geeigneten Abmessungen kann der Flyer leicht verteilt werden, was dazu beitr\u00e4gt, die Reichweite potenzieller Kunden zu erh\u00f6hen.<br \/>\nAnpassbarkeit: Der Flyer kann nach Ihren speziellen Bed\u00fcrfnissen gestaltet werden, sei es in Bezug auf Farben, Gr\u00f6\u00dfe oder Papiersorte, was ihm einen einzigartigen Charakter verleiht, der zu jeder Marketingkampagne passt.     <\/p>\n<p>&nbsp;<br \/>\n.<br \/>\nNutzen Sie die Gelegenheit und bestellen Sie ihn!<br \/>\nSie k\u00f6nnen unsere neuesten Nachrichten und Arbeiten \u00fcber Facebook verfolgen<br \/>\noder Sie k\u00f6nnen uns \u00fcber kontaktieren<\/p>\n<p>Verkauf: +201156158910<br \/>\nKundendienst: +201156158910  <\/p>\n","protected":false},"excerpt":{"rendered":"<p>Flyer<br \/>\nDer Preis beinhaltet Design und Druck. Mindestbestellmenge 1000.<br \/>\nEin neuer und unverwechselbarer Flyerdruck ben\u00f6tigt nicht viele Details, w\u00e4hlen Sie einfach die Gr\u00f6\u00dfe und Papiersorte Ihres Markenflyers hinsichtlich der Zellophanierung.  <\/p>\n","protected":false},"featured_media":12016,"comment_status":"open","ping_status":"closed","template":"","meta":{"_acf_changed":false},"product_brand":[],"product_cat":[583,57,54],"product_tag":[],"class_list":{"0":"post-12015","1":"product","2":"type-product","3":"status-publish","4":"has-post-thumbnail","6":"product_cat-583","7":"product_cat-corporate-prints","8":"product_cat-printing-products","10":"first","11":"instock","12":"shipping-taxable","13":"product-type-variable"},"exclude_global_add_ons":false,"addons":[{"name":"\u0623\u0643\u062a\u0628 \u0645\u0644\u0627\u062d\u0638\u0627\u062a\u0643 \u0645\u0639 \u0627\u0644\u0637\u0644\u0628","type":"custom_textarea","position":0,"required":false,"title_format":"label","default":"","description_enable":true,"description":"\u062d\u062f \u0627\u0642\u0635\u064a 400 \u062d\u0631\u0641","placeholder_enable":false,"placeholder":"","display":"select","restrictions_type":"any_text","adjust_price":false,"price":"","price_type":"flat_fee","restrictions":true,"min":"0","max":"400","options":[],"id":1745795356},{"name":"\u0647\u0644 \u064a\u0648\u062c\u062f \u0644\u062f\u064a\u0643 \u062a\u0635\u0645\u064a\u0645 (\u0627\u0631\u0641\u0639 \u062a\u0635\u0645\u064a\u0645)","type":"file_upload","position":1,"required":false,"title_format":"label","default":"","description_enable":false,"description":"","placeholder_enable":false,"placeholder":"","display":"select","restrictions_type":"any_text","adjust_price":false,"price":"","price_type":"flat_fee","restrictions":false,"min":"0","max":"0","options":[],"id":1745795357}],"acf":[],"_links":{"self":[{"href":"https:\/\/amixadvertising.com\/de\/wp-json\/wp\/v2\/product\/12015","targetHints":{"allow":["GET"]}}],"collection":[{"href":"https:\/\/amixadvertising.com\/de\/wp-json\/wp\/v2\/product"}],"about":[{"href":"https:\/\/amixadvertising.com\/de\/wp-json\/wp\/v2\/types\/product"}],"replies":[{"embeddable":true,"href":"https:\/\/amixadvertising.com\/de\/wp-json\/wp\/v2\/comments?post=12015"}],"wp:featuredmedia":[{"embeddable":true,"href":"https:\/\/amixadvertising.com\/de\/wp-json\/wp\/v2\/media\/12016"}],"wp:attachment":[{"href":"https:\/\/amixadvertising.com\/de\/wp-json\/wp\/v2\/media?parent=12015"}],"wp:term":[{"taxonomy":"product_brand","embeddable":true,"href":"https:\/\/amixadvertising.com\/de\/wp-json\/wp\/v2\/product_brand?post=12015"},{"taxonomy":"product_cat","embeddable":true,"href":"https:\/\/amixadvertising.com\/de\/wp-json\/wp\/v2\/product_cat?post=12015"},{"taxonomy":"product_tag","embeddable":true,"href":"https:\/\/amixadvertising.com\/de\/wp-json\/wp\/v2\/product_tag?post=12015"}],"curies":[{"name":"wp","href":"https:\/\/api.w.org\/{rel}","templated":true}]}}