{"id":12013,"date":"2025-04-27T21:05:22","date_gmt":"2025-04-27T18:05:22","guid":{"rendered":"https:\/\/amixadvertising.com\/product\/untersetzer\/"},"modified":"2025-04-27T21:05:22","modified_gmt":"2025-04-27T18:05:22","slug":"untersetzer","status":"publish","type":"product","link":"https:\/\/amixadvertising.com\/de\/product\/untersetzer\/","title":{"rendered":"Untersetzer"},"content":{"rendered":"<p>B\u00fcro-Untersetzer<\/p>\n<p>Der B\u00fcro-Untersetzer ist eines der besten Werbegeschenke,<br \/>\nda er in Wohnungen, B\u00fcros und Institutionen praktisch ist, um Tee, Kaffee oder andere Getr\u00e4nke zu servieren, und Ihnen hilft, Ihre Produkte sehr effektiv zu bewerben.<br \/>\nAmix Advertising bietet Ihnen Druck und Ausf\u00fchrung von Untersetzern in verschiedenen Materialien (Gummi, Holz oder Acryl), mit unverwechselbaren Designs in h\u00f6chster Druckqualit\u00e4t.<br \/>\nKontaktieren Sie uns jetzt!<\/p>\n","protected":false},"excerpt":{"rendered":"<p>Der Preis beinhaltet Design und Druck, Acryl- oder Holzmaterialien in h\u00f6chster Druckqualit\u00e4t. <\/p>\n","protected":false},"featured_media":0,"comment_status":"open","ping_status":"closed","template":"","meta":{"_acf_changed":false},"product_brand":[],"product_cat":[55],"product_tag":[],"class_list":{"0":"post-12013","1":"product","2":"type-product","3":"status-publish","5":"product_cat-corporate-gifts","7":"first","8":"instock","9":"shipping-taxable","10":"product-type-variable"},"exclude_global_add_ons":false,"addons":[{"name":"\u0623\u0643\u062a\u0628 \u0645\u0644\u0627\u062d\u0638\u0627\u062a\u0643 \u0645\u0639 \u0627\u0644\u0637\u0644\u0628","type":"custom_textarea","position":0,"required":false,"title_format":"label","default":"","description_enable":true,"description":"\u062d\u062f \u0627\u0642\u0635\u064a 400 \u062d\u0631\u0641","placeholder_enable":false,"placeholder":"","display":"select","restrictions_type":"any_text","adjust_price":false,"price":"","price_type":"flat_fee","restrictions":true,"min":"0","max":"400","options":[],"id":1745795356},{"name":"\u0647\u0644 \u064a\u0648\u062c\u062f \u0644\u062f\u064a\u0643 \u062a\u0635\u0645\u064a\u0645 (\u0627\u0631\u0641\u0639 \u062a\u0635\u0645\u064a\u0645)","type":"file_upload","position":1,"required":false,"title_format":"label","default":"","description_enable":false,"description":"","placeholder_enable":false,"placeholder":"","display":"select","restrictions_type":"any_text","adjust_price":false,"price":"","price_type":"flat_fee","restrictions":false,"min":"0","max":"0","options":[],"id":1745795357}],"acf":[],"_links":{"self":[{"href":"https:\/\/amixadvertising.com\/de\/wp-json\/wp\/v2\/product\/12013","targetHints":{"allow":["GET"]}}],"collection":[{"href":"https:\/\/amixadvertising.com\/de\/wp-json\/wp\/v2\/product"}],"about":[{"href":"https:\/\/amixadvertising.com\/de\/wp-json\/wp\/v2\/types\/product"}],"replies":[{"embeddable":true,"href":"https:\/\/amixadvertising.com\/de\/wp-json\/wp\/v2\/comments?post=12013"}],"wp:attachment":[{"href":"https:\/\/amixadvertising.com\/de\/wp-json\/wp\/v2\/media?parent=12013"}],"wp:term":[{"taxonomy":"product_brand","embeddable":true,"href":"https:\/\/amixadvertising.com\/de\/wp-json\/wp\/v2\/product_brand?post=12013"},{"taxonomy":"product_cat","embeddable":true,"href":"https:\/\/amixadvertising.com\/de\/wp-json\/wp\/v2\/product_cat?post=12013"},{"taxonomy":"product_tag","embeddable":true,"href":"https:\/\/amixadvertising.com\/de\/wp-json\/wp\/v2\/product_tag?post=12013"}],"curies":[{"name":"wp","href":"https:\/\/api.w.org\/{rel}","templated":true}]}}