{"id":12009,"date":"2025-04-27T21:05:22","date_gmt":"2025-04-27T18:05:22","guid":{"rendered":"https:\/\/amixadvertising.com\/product\/acryl-logo\/"},"modified":"2025-04-27T21:05:22","modified_gmt":"2025-04-27T18:05:22","slug":"acryl-logo","status":"publish","type":"product","link":"https:\/\/amixadvertising.com\/de\/product\/acryl-logo\/","title":{"rendered":"Acryl-Logo"},"content":{"rendered":"<p>Acryl-Logo<br \/>\nSie k\u00f6nnen ein spezielles Acryl-Logo f\u00fcr Ihr Unternehmen oder Ihre Firma mit farbigen Acrylbuchstaben erhalten.<br \/>\nAmix Advertising bietet Ihnen die besten Arten von Acryl-Logos in allen Farben und in h\u00f6chster Qualit\u00e4t.<br \/>\nKontaktieren Sie uns jetzt und erhalten Sie unsere exklusiven Angebote f\u00fcr Acryl-Logos!<br \/>\nProduktbeschreibung: Acryl-Logo<br \/>\nDas Acryl-Logo-Design ist die ideale Wahl f\u00fcr alle, die ihrem Projekt oder ihrer Marke einen Hauch von Eleganz und Exklusivit\u00e4t verleihen m\u00f6chten. Dieses Produkt zeichnet sich durch seine Herstellung aus hochwertigen Acrylmaterialien aus, was ihm eine unvergleichliche Haltbarkeit und Festigkeit verleiht. Dank seiner zunehmenden Dicke bietet Acryl eine unglaubliche Klarheit und eine gr\u00f6\u00dfere Lichtbrechung, was Ihrem Logo eine k\u00fcnstlerische Note verleiht, die Details hervorhebt und Tiefe und Glanz widerspiegelt.Das Acryl-Logo ist die ideale Wahl f\u00fcr jedes Unternehmen, sei es ein B\u00fcro, eine Ausstellung oder sogar f\u00fcr den kommerziellen Gebrauch. Es ist in leuchtenden und vielf\u00e4ltigen Farben erh\u00e4ltlich, sodass Sie das ausw\u00e4hlen k\u00f6nnen, was perfekt zu Ihrer Vision und Ihrem Thema passt. Dar\u00fcber hinaus garantiert sein elegantes Design die Aufmerksamkeit der Kunden und hinterl\u00e4sst einen bleibenden Eindruck.Wenn Sie auf der Suche nach einem Produkt sind, das Sch\u00f6nheit und Haltbarkeit vereint, ist das Acryl-Logo die perfekte Wahl, die das Image Ihrer Marke st\u00e4rkt und sie professionell hervorhebt. Z\u00f6gern Sie nicht, sich f\u00fcr ein Acryl-Logo zu entscheiden und verleihen Sie Ihrem Projekt die Exklusivit\u00e4t, die es verdient!<br \/>\nNutzen Sie die Gelegenheit und bestellen Sie es!<br \/>\nSie k\u00f6nnen unsere neuesten Nachrichten und Arbeiten \u00fcber Facebook verfolgen<br \/>\noder Sie k\u00f6nnen uns kontaktieren \u00fcber<\/p>\n<p>Verkauf: +201156158910<br \/>\nKundendienst: +201156158910  <\/p>\n","protected":false},"excerpt":{"rendered":"<p>Hochwertiges Acryl-Logo, Farben, Gr\u00f6\u00dfe 50 x 100 cm. Der Preis beinhaltet Design und Druck.<\/p>\n","protected":false},"featured_media":12010,"comment_status":"open","ping_status":"closed","template":"","meta":{"_acf_changed":false},"product_brand":[],"product_cat":[58],"product_tag":[],"class_list":{"0":"post-12009","1":"product","2":"type-product","3":"status-publish","4":"has-post-thumbnail","6":"product_cat-panels-and-facades","8":"first","9":"instock","10":"shipping-taxable","11":"product-type-simple"},"exclude_global_add_ons":false,"addons":[{"name":"\u0623\u0643\u062a\u0628 \u0645\u0644\u0627\u062d\u0638\u0627\u062a\u0643 \u0645\u0639 \u0627\u0644\u0637\u0644\u0628","type":"custom_textarea","position":0,"required":false,"title_format":"label","default":"","description_enable":true,"description":"\u062d\u062f \u0627\u0642\u0635\u064a 400 \u062d\u0631\u0641","placeholder_enable":false,"placeholder":"","display":"select","restrictions_type":"any_text","adjust_price":false,"price":"","price_type":"flat_fee","restrictions":true,"min":"0","max":"400","options":[],"id":1745795356},{"name":"\u0647\u0644 \u064a\u0648\u062c\u062f \u0644\u062f\u064a\u0643 \u062a\u0635\u0645\u064a\u0645 (\u0627\u0631\u0641\u0639 \u062a\u0635\u0645\u064a\u0645)","type":"file_upload","position":1,"required":false,"title_format":"label","default":"","description_enable":false,"description":"","placeholder_enable":false,"placeholder":"","display":"select","restrictions_type":"any_text","adjust_price":false,"price":"","price_type":"flat_fee","restrictions":false,"min":"0","max":"0","options":[],"id":1745795357}],"acf":[],"_links":{"self":[{"href":"https:\/\/amixadvertising.com\/de\/wp-json\/wp\/v2\/product\/12009","targetHints":{"allow":["GET"]}}],"collection":[{"href":"https:\/\/amixadvertising.com\/de\/wp-json\/wp\/v2\/product"}],"about":[{"href":"https:\/\/amixadvertising.com\/de\/wp-json\/wp\/v2\/types\/product"}],"replies":[{"embeddable":true,"href":"https:\/\/amixadvertising.com\/de\/wp-json\/wp\/v2\/comments?post=12009"}],"wp:featuredmedia":[{"embeddable":true,"href":"https:\/\/amixadvertising.com\/de\/wp-json\/wp\/v2\/media\/12010"}],"wp:attachment":[{"href":"https:\/\/amixadvertising.com\/de\/wp-json\/wp\/v2\/media?parent=12009"}],"wp:term":[{"taxonomy":"product_brand","embeddable":true,"href":"https:\/\/amixadvertising.com\/de\/wp-json\/wp\/v2\/product_brand?post=12009"},{"taxonomy":"product_cat","embeddable":true,"href":"https:\/\/amixadvertising.com\/de\/wp-json\/wp\/v2\/product_cat?post=12009"},{"taxonomy":"product_tag","embeddable":true,"href":"https:\/\/amixadvertising.com\/de\/wp-json\/wp\/v2\/product_tag?post=12009"}],"curies":[{"name":"wp","href":"https:\/\/api.w.org\/{rel}","templated":true}]}}