{"id":11989,"date":"2025-04-27T21:05:20","date_gmt":"2025-04-27T18:05:20","guid":{"rendered":"https:\/\/amixadvertising.com\/product\/edelstahl-logo\/"},"modified":"2025-04-27T21:05:20","modified_gmt":"2025-04-27T18:05:20","slug":"edelstahl-logo","status":"publish","type":"product","link":"https:\/\/amixadvertising.com\/de\/product\/edelstahl-logo\/","title":{"rendered":"Edelstahl-Logo"},"content":{"rendered":"<p>Edelstahl-Logo <\/p>\n<p>Ihr Gesch\u00e4ft ist mit uns immer etwas Besonderes.<br \/>\nAmix Advertising bietet das Edelstahl-Logo an.<br \/>\n Mit den neuesten Drucktechnologien und unverwechselbaren Werbedesigns f\u00fcr Ihr Unternehmen variiert die Form des Edelstahl-Logos je nach Ihren W\u00fcnschen in Bezug auf Gr\u00f6\u00dfe, Farbe, Design und Material.<br \/>\nWir bieten Ihnen h\u00f6chste Qualit\u00e4t zum besten Preis.<br \/>\nKontaktieren Sie uns jetzt!<br \/>\nSie werden kein besseres Unternehmen als Amix finden, das im Bereich Druck und Werbung bekannt ist.<br \/>\nSie k\u00f6nnen unsere neuesten Nachrichten und Arbeiten \u00fcber Facebook verfolgen<br \/>\noder Sie k\u00f6nnen uns kontaktieren \u00fcber  <\/p>\n<p>Verkauf: +201156158910<br \/>\nKundendienst: +201156158910  <\/p>\n","protected":false},"excerpt":{"rendered":"<p>Edelstahl-Logo in der Gr\u00f6\u00dfe 50 cm x 100 cm aus hochwertigen, rostbest\u00e4ndigen Materialien. Der Preis beinhaltet Design und Druck. <\/p>\n","protected":false},"featured_media":11990,"comment_status":"open","ping_status":"closed","template":"","meta":{"_acf_changed":false},"product_brand":[],"product_cat":[58,54],"product_tag":[],"class_list":{"0":"post-11989","1":"product","2":"type-product","3":"status-publish","4":"has-post-thumbnail","6":"product_cat-panels-and-facades","7":"product_cat-printing-products","9":"first","10":"instock","11":"shipping-taxable","12":"product-type-variable"},"exclude_global_add_ons":false,"addons":[{"name":"\u0623\u0643\u062a\u0628 \u0645\u0644\u0627\u062d\u0638\u0627\u062a\u0643 \u0645\u0639 \u0627\u0644\u0637\u0644\u0628","type":"custom_textarea","position":0,"required":false,"title_format":"label","default":"","description_enable":true,"description":"\u062d\u062f \u0627\u0642\u0635\u064a 400 \u062d\u0631\u0641","placeholder_enable":false,"placeholder":"","display":"select","restrictions_type":"any_text","adjust_price":false,"price":"","price_type":"flat_fee","restrictions":true,"min":"0","max":"400","options":[],"id":1745795356},{"name":"\u0647\u0644 \u064a\u0648\u062c\u062f \u0644\u062f\u064a\u0643 \u062a\u0635\u0645\u064a\u0645 (\u0627\u0631\u0641\u0639 \u062a\u0635\u0645\u064a\u0645)","type":"file_upload","position":1,"required":false,"title_format":"label","default":"","description_enable":false,"description":"","placeholder_enable":false,"placeholder":"","display":"select","restrictions_type":"any_text","adjust_price":false,"price":"","price_type":"flat_fee","restrictions":false,"min":"0","max":"0","options":[],"id":1745795357}],"acf":[],"_links":{"self":[{"href":"https:\/\/amixadvertising.com\/de\/wp-json\/wp\/v2\/product\/11989","targetHints":{"allow":["GET"]}}],"collection":[{"href":"https:\/\/amixadvertising.com\/de\/wp-json\/wp\/v2\/product"}],"about":[{"href":"https:\/\/amixadvertising.com\/de\/wp-json\/wp\/v2\/types\/product"}],"replies":[{"embeddable":true,"href":"https:\/\/amixadvertising.com\/de\/wp-json\/wp\/v2\/comments?post=11989"}],"wp:featuredmedia":[{"embeddable":true,"href":"https:\/\/amixadvertising.com\/de\/wp-json\/wp\/v2\/media\/11990"}],"wp:attachment":[{"href":"https:\/\/amixadvertising.com\/de\/wp-json\/wp\/v2\/media?parent=11989"}],"wp:term":[{"taxonomy":"product_brand","embeddable":true,"href":"https:\/\/amixadvertising.com\/de\/wp-json\/wp\/v2\/product_brand?post=11989"},{"taxonomy":"product_cat","embeddable":true,"href":"https:\/\/amixadvertising.com\/de\/wp-json\/wp\/v2\/product_cat?post=11989"},{"taxonomy":"product_tag","embeddable":true,"href":"https:\/\/amixadvertising.com\/de\/wp-json\/wp\/v2\/product_tag?post=11989"}],"curies":[{"name":"wp","href":"https:\/\/api.w.org\/{rel}","templated":true}]}}