{"id":11985,"date":"2025-04-27T21:05:20","date_gmt":"2025-04-27T18:05:20","guid":{"rendered":"https:\/\/amixadvertising.com\/product\/holzbild\/"},"modified":"2025-04-27T21:05:20","modified_gmt":"2025-04-27T18:05:20","slug":"holzbild","status":"publish","type":"product","link":"https:\/\/amixadvertising.com\/de\/product\/holzbild\/","title":{"rendered":"Holzbild"},"content":{"rendered":"<p>Holzbild<\/p>\n<p>Elegantes Holzbild der f\u00fchrenden Werbefirma Amix.<br \/>\n Geeignet f\u00fcr Unternehmen, Kliniken und Institutionen. Hergestellt aus MDF-Holz<br \/>\nund mit einer Laminierungsschicht \u00fcberzogen, um ihm Glanz zu verleihen und sein Aussehen vor Staub und Kratzern zu sch\u00fctzen.<br \/>\n Sie k\u00f6nnen unsere neuesten Nachrichten und Arbeiten \u00fcber Facebook verfolgen<br \/>\noder Sie k\u00f6nnen uns kontaktieren \u00fcber<\/p>\n<p>Verkauf: +201156158910<br \/>\nKundendienst: +201156158910  <\/p>\n","protected":false},"excerpt":{"rendered":"<p>Der Preis beinhaltet Design und Druck in Gr\u00f6\u00dfen, die f\u00fcr Unternehmen, Kliniken und Institutionen geeignet sind, mit h\u00f6chster Druckqualit\u00e4t.<\/p>\n","protected":false},"featured_media":11986,"comment_status":"open","ping_status":"closed","template":"","meta":{"_acf_changed":false},"product_brand":[],"product_cat":[55],"product_tag":[],"class_list":{"0":"post-11985","1":"product","2":"type-product","3":"status-publish","4":"has-post-thumbnail","6":"product_cat-corporate-gifts","8":"first","9":"instock","10":"shipping-taxable","11":"product-type-variable"},"exclude_global_add_ons":false,"addons":[{"name":"\u0623\u0643\u062a\u0628 \u0645\u0644\u0627\u062d\u0638\u0627\u062a\u0643 \u0645\u0639 \u0627\u0644\u0637\u0644\u0628","type":"custom_textarea","position":0,"required":false,"title_format":"label","default":"","description_enable":true,"description":"\u062d\u062f \u0627\u0642\u0635\u064a 400 \u062d\u0631\u0641","placeholder_enable":false,"placeholder":"","display":"select","restrictions_type":"any_text","adjust_price":false,"price":"","price_type":"flat_fee","restrictions":true,"min":"0","max":"400","options":[],"id":1745795356},{"name":"\u0647\u0644 \u064a\u0648\u062c\u062f \u0644\u062f\u064a\u0643 \u062a\u0635\u0645\u064a\u0645 (\u0627\u0631\u0641\u0639 \u062a\u0635\u0645\u064a\u0645)","type":"file_upload","position":1,"required":false,"title_format":"label","default":"","description_enable":false,"description":"","placeholder_enable":false,"placeholder":"","display":"select","restrictions_type":"any_text","adjust_price":false,"price":"","price_type":"flat_fee","restrictions":false,"min":"0","max":"0","options":[],"id":1745795357}],"acf":[],"_links":{"self":[{"href":"https:\/\/amixadvertising.com\/de\/wp-json\/wp\/v2\/product\/11985","targetHints":{"allow":["GET"]}}],"collection":[{"href":"https:\/\/amixadvertising.com\/de\/wp-json\/wp\/v2\/product"}],"about":[{"href":"https:\/\/amixadvertising.com\/de\/wp-json\/wp\/v2\/types\/product"}],"replies":[{"embeddable":true,"href":"https:\/\/amixadvertising.com\/de\/wp-json\/wp\/v2\/comments?post=11985"}],"wp:featuredmedia":[{"embeddable":true,"href":"https:\/\/amixadvertising.com\/de\/wp-json\/wp\/v2\/media\/11986"}],"wp:attachment":[{"href":"https:\/\/amixadvertising.com\/de\/wp-json\/wp\/v2\/media?parent=11985"}],"wp:term":[{"taxonomy":"product_brand","embeddable":true,"href":"https:\/\/amixadvertising.com\/de\/wp-json\/wp\/v2\/product_brand?post=11985"},{"taxonomy":"product_cat","embeddable":true,"href":"https:\/\/amixadvertising.com\/de\/wp-json\/wp\/v2\/product_cat?post=11985"},{"taxonomy":"product_tag","embeddable":true,"href":"https:\/\/amixadvertising.com\/de\/wp-json\/wp\/v2\/product_tag?post=11985"}],"curies":[{"name":"wp","href":"https:\/\/api.w.org\/{rel}","templated":true}]}}