{"id":11967,"date":"2025-04-27T19:52:04","date_gmt":"2025-04-27T16:52:04","guid":{"rendered":"https:\/\/amixadvertising.com\/product\/stempel\/"},"modified":"2025-04-27T19:52:04","modified_gmt":"2025-04-27T16:52:04","slug":"stempel","status":"publish","type":"product","link":"https:\/\/amixadvertising.com\/de\/product\/stempel\/","title":{"rendered":"Stempel"},"content":{"rendered":"<p>Design und Ausf\u00fchrung von Firmenstempeln.<br \/>\nWir von Amix, dem besten Werbe- und Anzeigenunternehmen, sind bestrebt, alle Arten von Firmenstempeln anzubieten.<br \/>\nFirmenstempel sind eine ideale L\u00f6sung, um Transaktionen und offizielle Schreiben professionell und sicher zu dokumentieren. Unsere Stempel zeichnen sich durch ihre verschiedenen Formen aus, ob rund, quadratisch oder rechteckig, sodass Sie das Design w\u00e4hlen k\u00f6nnen, das zu Ihrer Markenidentit\u00e4t passt.<br \/>\nJeder Stempel wird sorgf\u00e4ltig entworfen, um die Identit\u00e4t des Unternehmens widerzuspiegeln und die Klarheit und Professionalit\u00e4t des Drucks zu gew\u00e4hrleisten. Unsere Optionen umfassen eine Vielzahl von Gr\u00f6\u00dfen, um die Bed\u00fcrfnisse aller Unternehmen zu erf\u00fcllen, von klein bis gro\u00df. Der Preis beinhaltet auch das Design und den Druck, wodurch Sie Zeit und M\u00fche sparen. Wir verwenden hochwertige Materialien, um die Genauigkeit und Klarheit des Stempels bei wiederholtem Gebrauch zu gew\u00e4hrleisten.<br \/>\nHolen Sie sich jetzt Ihren unverwechselbaren Firmenstempel und bleiben Sie bei jeder Ihrer offiziellen Transaktionen unverwechselbar! Heben Sie sich mit einem Stempel ab, der Ihre Identit\u00e4t widerspiegelt und Ihre Glaubw\u00fcrdigkeit st\u00e4rkt.    <\/p>\n","protected":false},"excerpt":{"rendered":"<p>Automatische Maschinenstempel f\u00fcr Unternehmen, rund, quadratisch oder rechteckig in allen Gr\u00f6\u00dfen. Der Preis beinhaltet Design und Druck.  <\/p>\n","protected":false},"featured_media":11968,"comment_status":"open","ping_status":"closed","template":"","meta":{"_acf_changed":false},"product_brand":[],"product_cat":[54,55],"product_tag":[],"class_list":{"0":"post-11967","1":"product","2":"type-product","3":"status-publish","4":"has-post-thumbnail","6":"product_cat-printing-products","7":"product_cat-corporate-gifts","9":"first","10":"instock","11":"shipping-taxable","12":"product-type-variable"},"exclude_global_add_ons":false,"addons":[{"name":"\u0623\u0643\u062a\u0628 \u0645\u0644\u0627\u062d\u0638\u0627\u062a\u0643 \u0645\u0639 \u0627\u0644\u0637\u0644\u0628","type":"custom_textarea","position":0,"required":false,"title_format":"label","default":"","description_enable":true,"description":"\u062d\u062f \u0627\u0642\u0635\u064a 400 \u062d\u0631\u0641","placeholder_enable":false,"placeholder":"","display":"select","restrictions_type":"any_text","adjust_price":false,"price":"","price_type":"flat_fee","restrictions":true,"min":"0","max":"400","options":[],"id":1745795356},{"name":"\u0647\u0644 \u064a\u0648\u062c\u062f \u0644\u062f\u064a\u0643 \u062a\u0635\u0645\u064a\u0645 (\u0627\u0631\u0641\u0639 \u062a\u0635\u0645\u064a\u0645)","type":"file_upload","position":1,"required":false,"title_format":"label","default":"","description_enable":false,"description":"","placeholder_enable":false,"placeholder":"","display":"select","restrictions_type":"any_text","adjust_price":false,"price":"","price_type":"flat_fee","restrictions":false,"min":"0","max":"0","options":[],"id":1745795357}],"acf":[],"_links":{"self":[{"href":"https:\/\/amixadvertising.com\/de\/wp-json\/wp\/v2\/product\/11967","targetHints":{"allow":["GET"]}}],"collection":[{"href":"https:\/\/amixadvertising.com\/de\/wp-json\/wp\/v2\/product"}],"about":[{"href":"https:\/\/amixadvertising.com\/de\/wp-json\/wp\/v2\/types\/product"}],"replies":[{"embeddable":true,"href":"https:\/\/amixadvertising.com\/de\/wp-json\/wp\/v2\/comments?post=11967"}],"wp:featuredmedia":[{"embeddable":true,"href":"https:\/\/amixadvertising.com\/de\/wp-json\/wp\/v2\/media\/11968"}],"wp:attachment":[{"href":"https:\/\/amixadvertising.com\/de\/wp-json\/wp\/v2\/media?parent=11967"}],"wp:term":[{"taxonomy":"product_brand","embeddable":true,"href":"https:\/\/amixadvertising.com\/de\/wp-json\/wp\/v2\/product_brand?post=11967"},{"taxonomy":"product_cat","embeddable":true,"href":"https:\/\/amixadvertising.com\/de\/wp-json\/wp\/v2\/product_cat?post=11967"},{"taxonomy":"product_tag","embeddable":true,"href":"https:\/\/amixadvertising.com\/de\/wp-json\/wp\/v2\/product_tag?post=11967"}],"curies":[{"name":"wp","href":"https:\/\/api.w.org\/{rel}","templated":true}]}}