{"id":11959,"date":"2025-04-27T19:51:36","date_gmt":"2025-04-27T16:51:36","guid":{"rendered":"https:\/\/amixadvertising.com\/product\/leuchtschilder\/"},"modified":"2025-09-08T08:26:33","modified_gmt":"2025-09-08T05:26:33","slug":"leuchtschilder","status":"publish","type":"product","link":"https:\/\/amixadvertising.com\/de\/product\/leuchtschilder\/","title":{"rendered":"Leuchtschilder"},"content":{"rendered":"<p>Leuchtschilder <\/p>\n<p>Amix bietet Design und Druck von Leuchtschildern in h\u00f6chster Druckqualit\u00e4t.<br \/>Unverwechselbare Designs, best\u00e4ndig gegen Hitze, Regen, Wasser und leicht zu reinigen, in allen Gr\u00f6\u00dfen. <br \/>Kontaktieren Sie uns jetzt!<\/p>\n\n<p><\/p>\n","protected":false},"excerpt":{"rendered":"<p>\u2013 Hochwertiger Flexdruck.<br \/>\n\u2013 Robuster, belastbarer Stahl.<br \/>\n\u2013 Beschichtet mit einer Zellophanschicht zum Schutz vor Sonne und Staub.<br \/>\n\u2013 Alle LED-Lampen f\u00fcr eine l\u00e4ngere Lebensdauer mit hoher Helligkeit.<br \/>\n\u2013 Verkleidung mit rostschutzbehandeltem Icon-Blech zum Schutz vor Sonne und Regen.<br \/>\n\u2013 Zus\u00e4tzliche Verkleidung mit Aluminium f\u00fcr ein attraktives Aussehen und doppelten Schutz.<br \/>\nDer Preis pro Quadratmeter betr\u00e4gt 1800 \u00c4gyptische Pfund. Alle Gr\u00f6\u00dfen sind verf\u00fcgbar. Der Preis beinhaltet Design und Druck.  <\/p>\n","protected":false},"featured_media":11960,"comment_status":"open","ping_status":"closed","template":"","meta":{"_acf_changed":false},"product_brand":[],"product_cat":[58,54],"product_tag":[],"class_list":{"0":"post-11959","1":"product","2":"type-product","3":"status-publish","4":"has-post-thumbnail","6":"product_cat-panels-and-facades","7":"product_cat-printing-products","9":"first","10":"instock","11":"shipping-taxable","12":"product-type-simple"},"acf":[],"jetpack_sharing_enabled":true,"_links":{"self":[{"href":"https:\/\/amixadvertising.com\/de\/wp-json\/wp\/v2\/product\/11959","targetHints":{"allow":["GET"]}}],"collection":[{"href":"https:\/\/amixadvertising.com\/de\/wp-json\/wp\/v2\/product"}],"about":[{"href":"https:\/\/amixadvertising.com\/de\/wp-json\/wp\/v2\/types\/product"}],"replies":[{"embeddable":true,"href":"https:\/\/amixadvertising.com\/de\/wp-json\/wp\/v2\/comments?post=11959"}],"wp:featuredmedia":[{"embeddable":true,"href":"https:\/\/amixadvertising.com\/de\/wp-json\/wp\/v2\/media\/11960"}],"wp:attachment":[{"href":"https:\/\/amixadvertising.com\/de\/wp-json\/wp\/v2\/media?parent=11959"}],"wp:term":[{"taxonomy":"product_brand","embeddable":true,"href":"https:\/\/amixadvertising.com\/de\/wp-json\/wp\/v2\/product_brand?post=11959"},{"taxonomy":"product_cat","embeddable":true,"href":"https:\/\/amixadvertising.com\/de\/wp-json\/wp\/v2\/product_cat?post=11959"},{"taxonomy":"product_tag","embeddable":true,"href":"https:\/\/amixadvertising.com\/de\/wp-json\/wp\/v2\/product_tag?post=11959"}],"curies":[{"name":"wp","href":"https:\/\/api.w.org\/{rel}","templated":true}]}}