{"id":11953,"date":"2025-04-27T19:51:36","date_gmt":"2025-04-27T16:51:36","guid":{"rendered":"https:\/\/amixadvertising.com\/product\/das-20er-angebot\/"},"modified":"2025-04-27T19:51:36","modified_gmt":"2025-04-27T16:51:36","slug":"das-20er-angebot","status":"publish","type":"product","link":"https:\/\/amixadvertising.com\/de\/product\/das-20er-angebot\/","title":{"rendered":"Das 20er-Angebot"},"content":{"rendered":"<p>Die st\u00e4rksten Angebote von Amix<br \/>\nDas 20-Pfund-Angebot<br \/>\nJetzt k\u00f6nnen Sie f\u00fcr nur 20 Pfund Folgendes erhalten:<br \/>\n=<br \/>\nEine Stofftasche der Gr\u00f6\u00dfe 25 \u00d7 20, bedruckt mit dem Namen Ihres Unternehmens<br \/>\n+<br \/>\nEin Notizbuch im Format A6 (15 \u00d7 10), das Innenpapier besteht aus 50 Blatt, einfarbig bedruckt, der \u00e4u\u00dfere Umschlag besteht aus 300 Gramm schwerem, gestrichenem Farbpapier, die Bindung ist mit einem rostfreien Draht versehen<br \/>\n+<br \/>\nEin Kugelschreiber mit Handyhalter, bedruckt mit dem Namen Ihres Unternehmens<br \/>\n+<br \/>\nAll dies zuz\u00fcglich eines kostenlosen Designs<\/p>\n","protected":false},"excerpt":{"rendered":"<p>Bestandteile des 20er-Angebots:<br \/>\nStofftasche<br \/>\nNotizbuch<br \/>\nKugelschreiber<\/p>\n","protected":false},"featured_media":0,"comment_status":"open","ping_status":"closed","template":"","meta":{"_acf_changed":false},"product_brand":[],"product_cat":[101,102,54],"product_tag":[],"class_list":{"0":"post-11953","1":"product","2":"type-product","3":"status-publish","5":"product_cat-101","6":"product_cat-102","7":"product_cat-printing-products","9":"first","10":"instock","11":"shipping-taxable","12":"product-type-simple"},"acf":[],"jetpack_sharing_enabled":true,"_links":{"self":[{"href":"https:\/\/amixadvertising.com\/de\/wp-json\/wp\/v2\/product\/11953","targetHints":{"allow":["GET"]}}],"collection":[{"href":"https:\/\/amixadvertising.com\/de\/wp-json\/wp\/v2\/product"}],"about":[{"href":"https:\/\/amixadvertising.com\/de\/wp-json\/wp\/v2\/types\/product"}],"replies":[{"embeddable":true,"href":"https:\/\/amixadvertising.com\/de\/wp-json\/wp\/v2\/comments?post=11953"}],"wp:attachment":[{"href":"https:\/\/amixadvertising.com\/de\/wp-json\/wp\/v2\/media?parent=11953"}],"wp:term":[{"taxonomy":"product_brand","embeddable":true,"href":"https:\/\/amixadvertising.com\/de\/wp-json\/wp\/v2\/product_brand?post=11953"},{"taxonomy":"product_cat","embeddable":true,"href":"https:\/\/amixadvertising.com\/de\/wp-json\/wp\/v2\/product_cat?post=11953"},{"taxonomy":"product_tag","embeddable":true,"href":"https:\/\/amixadvertising.com\/de\/wp-json\/wp\/v2\/product_tag?post=11953"}],"curies":[{"name":"wp","href":"https:\/\/api.w.org\/{rel}","templated":true}]}}