{"id":11945,"date":"2025-04-27T19:51:35","date_gmt":"2025-04-27T16:51:35","guid":{"rendered":"https:\/\/amixadvertising.com\/product\/verkleidung\/"},"modified":"2025-04-27T19:51:35","modified_gmt":"2025-04-27T16:51:35","slug":"verkleidung","status":"publish","type":"product","link":"https:\/\/amixadvertising.com\/de\/product\/verkleidung\/","title":{"rendered":"Verkleidung"},"content":{"rendered":"<p>Fassadenverkleidungen<\/p>\n<p>Fassadenverkleidungen sind in letzter Zeit zu einer der beliebtesten Werbemethoden geworden, da sie die Fassade sch\u00fctzen und ihr zudem ein attraktives \u00e4sthetisches Erscheinungsbild verleihen. Verkleidungsplatten sind eine Art von Material, das zur Abdeckung der Au\u00dfenfl\u00e4che von Laden- und Geb\u00e4udefassaden verwendet wird. Sie bestehen aus zwei Aluminiumplatten, die durch einen Kunststoff geringer Dichte getrennt sind. Die meisten gro\u00dfen und mittelst\u00e4ndischen Gesch\u00e4fte entscheiden sich heutzutage daf\u00fcr, das Aussehen ihrer Ladenfassaden zu ver\u00e4ndern, um sie von einem gew\u00f6hnlichen und einfachen in ein raffiniertes und unverwechselbares Aussehen zu verwandeln. Verkleidungsplatten zeichnen sich durch Hitzebest\u00e4ndigkeit, Regen- und Wasserbest\u00e4ndigkeit sowie einfache Reinigung aus.      <\/p>\n<p>Amix Advertising bietet Ihnen die besten Arten von Verkleidungsplatten in allen Farben und in h\u00f6chster Qualit\u00e4t.<br \/>\n Kontaktieren Sie uns jetzt und sichern Sie sich unsere exklusiven Angebote f\u00fcr Verkleidungsplatten!<\/p>\n","protected":false},"excerpt":{"rendered":"<p>Der Preis beinhaltet Design und Ausf\u00fchrung. Bietet eine dreidimensionale und farbenfrohe Form in allen Gr\u00f6\u00dfen <\/p>\n","protected":false},"featured_media":11946,"comment_status":"open","ping_status":"closed","template":"","meta":{"_acf_changed":false},"product_brand":[],"product_cat":[58,54],"product_tag":[],"class_list":{"0":"post-11945","1":"product","2":"type-product","3":"status-publish","4":"has-post-thumbnail","6":"product_cat-panels-and-facades","7":"product_cat-printing-products","9":"first","10":"instock","11":"shipping-taxable","12":"product-type-simple"},"exclude_global_add_ons":false,"addons":[{"name":"\u0623\u0643\u062a\u0628 \u0645\u0644\u0627\u062d\u0638\u0627\u062a\u0643 \u0645\u0639 \u0627\u0644\u0637\u0644\u0628","type":"custom_textarea","position":0,"required":false,"title_format":"label","default":"","description_enable":true,"description":"\u062d\u062f \u0627\u0642\u0635\u064a 400 \u062d\u0631\u0641","placeholder_enable":false,"placeholder":"","display":"select","restrictions_type":"any_text","adjust_price":false,"price":"","price_type":"flat_fee","restrictions":true,"min":"0","max":"400","options":[],"id":1745795356},{"name":"\u0647\u0644 \u064a\u0648\u062c\u062f \u0644\u062f\u064a\u0643 \u062a\u0635\u0645\u064a\u0645 (\u0627\u0631\u0641\u0639 \u062a\u0635\u0645\u064a\u0645)","type":"file_upload","position":1,"required":false,"title_format":"label","default":"","description_enable":false,"description":"","placeholder_enable":false,"placeholder":"","display":"select","restrictions_type":"any_text","adjust_price":false,"price":"","price_type":"flat_fee","restrictions":false,"min":"0","max":"0","options":[],"id":1745795357}],"acf":[],"_links":{"self":[{"href":"https:\/\/amixadvertising.com\/de\/wp-json\/wp\/v2\/product\/11945","targetHints":{"allow":["GET"]}}],"collection":[{"href":"https:\/\/amixadvertising.com\/de\/wp-json\/wp\/v2\/product"}],"about":[{"href":"https:\/\/amixadvertising.com\/de\/wp-json\/wp\/v2\/types\/product"}],"replies":[{"embeddable":true,"href":"https:\/\/amixadvertising.com\/de\/wp-json\/wp\/v2\/comments?post=11945"}],"wp:featuredmedia":[{"embeddable":true,"href":"https:\/\/amixadvertising.com\/de\/wp-json\/wp\/v2\/media\/11946"}],"wp:attachment":[{"href":"https:\/\/amixadvertising.com\/de\/wp-json\/wp\/v2\/media?parent=11945"}],"wp:term":[{"taxonomy":"product_brand","embeddable":true,"href":"https:\/\/amixadvertising.com\/de\/wp-json\/wp\/v2\/product_brand?post=11945"},{"taxonomy":"product_cat","embeddable":true,"href":"https:\/\/amixadvertising.com\/de\/wp-json\/wp\/v2\/product_cat?post=11945"},{"taxonomy":"product_tag","embeddable":true,"href":"https:\/\/amixadvertising.com\/de\/wp-json\/wp\/v2\/product_tag?post=11945"}],"curies":[{"name":"wp","href":"https:\/\/api.w.org\/{rel}","templated":true}]}}