{"id":11939,"date":"2025-04-27T22:19:43","date_gmt":"2025-04-27T19:19:43","guid":{"rendered":"https:\/\/amixadvertising.com\/product\/wandkalender-ergebnis\/"},"modified":"2025-04-27T22:19:43","modified_gmt":"2025-04-27T19:19:43","slug":"wandkalender-ergebnis","status":"publish","type":"product","link":"https:\/\/amixadvertising.com\/de\/product\/wandkalender-ergebnis\/","title":{"rendered":"Wandkalender-Ergebnis"},"content":{"rendered":"<p>Bedeutung des Drucks eines Wandkalenders in der Werbung:<br \/>\nDas Design und der Druck eines Wandkalenders als j\u00e4hrliche Werbung f\u00fcr Ihr Unternehmen spielen eine gro\u00dfe und wichtige Rolle in den Werbeprozessen, was sich in seinem Design und der Form der<br \/>\nDrucke darauf zeigt. Dar\u00fcber hinaus zeigt er Ihr Unternehmen, seinen Namen und sein Logo, wodurch er sich schnell verbreitet, da er<br \/>\nst\u00e4ndig gesehen wird, sei es auf dem Schreibtisch oder an der Wand.<br \/>\nAu\u00dferdem k\u00f6nnen Sie die Dienstleistungen und Produkte Ihres Unternehmens pr\u00e4sentieren, indem Sie alle Tage des Jahres mit ihren 12 Monaten auf einem Block anzeigen. Auf der<br \/>\ngegen\u00fcberliegenden Seite stellen Sie Ihr Unternehmen vor, und im oberen Teil des Wandkalenders werden das Firmenlogo und der Name platziert. Daher<br \/>\nbefindet er sich in vielen unserer H\u00e4user, wodurch Ihr Service nicht nur Unternehmensinhabern erreicht, sondern auch die \u00d6ffentlichkeit umfasst.<br \/>\nAl-Garhi Company bietet das Design und den Druck von Wandkalendern als j\u00e4hrliche Werbung f\u00fcr Ihr Unternehmen in vielen Formen und Materialien an. Wir stellen fest, dass sie je nach<br \/>\nWunsch des Kunden und dem daf\u00fcr vorgesehenen Preis variieren. Jedes Material hat seinen Preis. Es gibt Papier, Kunststoff und die<br \/>\nBl\u00f6cke werden in allen gew\u00fcnschten Gr\u00f6\u00dfen und Farben gedruckt, egal ob einfarbig oder zweifarbig.<br \/>\nDurch das Design und den Druck von Wandkalendern als j\u00e4hrliche Werbung f\u00fcr Ihr Unternehmen k\u00f6nnen Sie eine hohe Verteilungs- und Marketingdichte mit<br \/>\ngeringen Kosten erzielen, mit attraktiven, innovativen und sich erneuernden Designs, die speziell f\u00fcr Ihr Unternehmen entworfen wurden. Al-Garhi Company kann das Design und den Druck von<br \/>\nWandkalendern als j\u00e4hrliche Werbung f\u00fcr Ihr Unternehmen in der gew\u00fcnschten Form \u00fcbernehmen. Beispielsweise k\u00f6nnen Bauunternehmen einen Kalender in Form eines Turms oder Hauses erstellen,<br \/>\nusw.<br \/>\nDie wichtigsten Vorteile des Designs und des Drucks eines Wandkalenders als j\u00e4hrliche Werbung f\u00fcr Ihr Unternehmen:<br \/>\nAMPRO Company bietet Ihnen das Design und den Druck von Wandkalendern als j\u00e4hrliche Werbung f\u00fcr Ihr Unternehmen mit vielen Eigenschaften und Vorteilen, die seine<br \/>\nVerbreitung einfach und schnell machen, und zwar durch:<br \/>\n\u2022 Kleine Gr\u00f6\u00dfe, wodurch er \u00fcberall platziert werden kann, was das Aufh\u00e4ngen \u00fcberall erleichtert, insbesondere an einem Ort, der leicht einzusehen ist.<br \/>\n\u2022 Er ist unerl\u00e4sslich, um alle Daten zu kennen, wodurch der Kunde auf den Druck und das Design aufmerksam wird.<br \/>\n\u2022 Er ist eines der einfachsten Mittel, um Kunden an die Produkte und die Gesch\u00e4ftst\u00e4tigkeit des Unternehmens zu erinnern.<br \/>\n\u2022 Sein Design ist professionell, elegant und stilvoll und zeichnet sich durch seine attraktiven, ruhigen Farben f\u00fcr das Auge aus.<br \/>\nSie k\u00f6nnen unsere neuesten Nachrichten und Arbeiten \u00fcber Facebook verfolgen<br \/>\noder Sie k\u00f6nnen uns kontaktieren \u00fcber <\/p>\n<p>Verkauf: +201050622360<br \/>\nKundendienst: +201017203367  <\/p>\n","protected":false},"excerpt":{"rendered":"<p>Bedeutung des Drucks eines Wandkalenders in der Werbung: Das Design und der Druck eines Wandkalenders als j\u00e4hrliche Werbung f\u00fcr Ihr Unternehmen spielen eine gro\u00dfe und wichtige Rolle in den Werbeprozessen, was sich in seinem Design und der Form der Drucke darauf zeigt. Dar\u00fcber hinaus zeigt er Ihr Unternehmen, seinen Namen und sein Logo, wodurch er [&hellip;]<\/p>\n","protected":false},"featured_media":0,"comment_status":"open","ping_status":"closed","template":"","meta":{"_acf_changed":false},"product_brand":[],"product_cat":[15],"product_tag":[],"class_list":{"0":"post-11939","1":"product","2":"type-product","3":"status-publish","5":"product_cat-uncategorized","7":"first","8":"instock","9":"shipping-taxable","10":"product-type-variable"},"exclude_global_add_ons":false,"addons":[{"name":"\u0623\u0643\u062a\u0628 \u0645\u0644\u0627\u062d\u0638\u0627\u062a\u0643 \u0645\u0639 \u0627\u0644\u0637\u0644\u0628","type":"custom_textarea","position":0,"required":false,"title_format":"label","default":"","description_enable":true,"description":"\u062d\u062f \u0627\u0642\u0635\u064a 400 \u062d\u0631\u0641","placeholder_enable":false,"placeholder":"","display":"select","restrictions_type":"any_text","adjust_price":false,"price":"","price_type":"flat_fee","restrictions":true,"min":"0","max":"400","options":[],"id":1745795356},{"name":"\u0647\u0644 \u064a\u0648\u062c\u062f \u0644\u062f\u064a\u0643 \u062a\u0635\u0645\u064a\u0645 (\u0627\u0631\u0641\u0639 \u062a\u0635\u0645\u064a\u0645)","type":"file_upload","position":1,"required":false,"title_format":"label","default":"","description_enable":false,"description":"","placeholder_enable":false,"placeholder":"","display":"select","restrictions_type":"any_text","adjust_price":false,"price":"","price_type":"flat_fee","restrictions":false,"min":"0","max":"0","options":[],"id":1745795357}],"acf":[],"_links":{"self":[{"href":"https:\/\/amixadvertising.com\/de\/wp-json\/wp\/v2\/product\/11939","targetHints":{"allow":["GET"]}}],"collection":[{"href":"https:\/\/amixadvertising.com\/de\/wp-json\/wp\/v2\/product"}],"about":[{"href":"https:\/\/amixadvertising.com\/de\/wp-json\/wp\/v2\/types\/product"}],"replies":[{"embeddable":true,"href":"https:\/\/amixadvertising.com\/de\/wp-json\/wp\/v2\/comments?post=11939"}],"wp:attachment":[{"href":"https:\/\/amixadvertising.com\/de\/wp-json\/wp\/v2\/media?parent=11939"}],"wp:term":[{"taxonomy":"product_brand","embeddable":true,"href":"https:\/\/amixadvertising.com\/de\/wp-json\/wp\/v2\/product_brand?post=11939"},{"taxonomy":"product_cat","embeddable":true,"href":"https:\/\/amixadvertising.com\/de\/wp-json\/wp\/v2\/product_cat?post=11939"},{"taxonomy":"product_tag","embeddable":true,"href":"https:\/\/amixadvertising.com\/de\/wp-json\/wp\/v2\/product_tag?post=11939"}],"curies":[{"name":"wp","href":"https:\/\/api.w.org\/{rel}","templated":true}]}}