{"id":11935,"date":"2025-04-27T22:19:42","date_gmt":"2025-04-27T19:19:42","guid":{"rendered":"https:\/\/amixadvertising.com\/product\/social-media-design\/"},"modified":"2025-04-27T22:19:42","modified_gmt":"2025-04-27T19:19:42","slug":"social-media-design","status":"publish","type":"product","link":"https:\/\/amixadvertising.com\/de\/product\/social-media-design\/","title":{"rendered":"Social-Media-Design"},"content":{"rendered":"<p>Social-Media-Design ist einer der wichtigsten Schritte f\u00fcr den Erfolg Ihrer Marketingkampagne.<br \/>\n Insbesondere in der heutigen Zeit, in der alle Kunden online nach Dienstleistungen suchen. Je klarer und unverwechselbarer Ihre Anzeige, Ihr Design und Ihre Werbebotschaft sind, desto gr\u00f6\u00dfer wird Ihre Zielgruppe und Ihr Kundenstamm.<br \/>\n Amix ist stets bestrebt, moderne und ansprechende Social-Media-Designs anzubieten,<br \/>\n die den Zweck und die Art Ihres Unternehmens und Ihre Werbebotschaft widerspiegeln. Unsere Designs zeichnen sich durch ihre kreativen Ideen und ihre Reichweite f\u00fcr eine m\u00f6glichst gro\u00dfe Anzahl von Personen aus, die nach Ihren Dienstleistungen suchen. Wir helfen Ihnen, die Ziele Ihres Unternehmens mit Designs zu erreichen, die von einem professionellen Team aus Grafikdesignern zu wettbewerbsf\u00e4higen Preisen erstellt werden.<br \/>\n Kontaktieren Sie uns jetzt, um mehr zu erfahren.<br \/>\n Sie k\u00f6nnen unsere neuesten Nachrichten und Arbeiten \u00fcber Facebook verfolgen<br \/>\n oder Sie k\u00f6nnen uns kontaktieren \u00fcber  <\/p>\n<p>Verkauf: +201156158910<br \/>\nKundendienst: +201156158910  <\/p>\n","protected":false},"excerpt":{"rendered":"<p>Social-Media-Design ist einer der wichtigsten Schritte f\u00fcr den Erfolg Ihrer Marketingkampagne<\/p>\n","protected":false},"featured_media":11936,"comment_status":"open","ping_status":"closed","template":"","meta":{"_acf_changed":false},"product_brand":[],"product_cat":[15],"product_tag":[],"class_list":{"0":"post-11935","1":"product","2":"type-product","3":"status-publish","4":"has-post-thumbnail","6":"product_cat-uncategorized","8":"first","9":"instock","10":"shipping-taxable","11":"product-type-variable"},"exclude_global_add_ons":false,"addons":[{"name":"\u0623\u0643\u062a\u0628 \u0645\u0644\u0627\u062d\u0638\u0627\u062a\u0643 \u0645\u0639 \u0627\u0644\u0637\u0644\u0628","type":"custom_textarea","position":0,"required":false,"title_format":"label","default":"","description_enable":true,"description":"\u062d\u062f \u0627\u0642\u0635\u064a 400 \u062d\u0631\u0641","placeholder_enable":false,"placeholder":"","display":"select","restrictions_type":"any_text","adjust_price":false,"price":"","price_type":"flat_fee","restrictions":true,"min":"0","max":"400","options":[],"id":1745795356},{"name":"\u0647\u0644 \u064a\u0648\u062c\u062f \u0644\u062f\u064a\u0643 \u062a\u0635\u0645\u064a\u0645 (\u0627\u0631\u0641\u0639 \u062a\u0635\u0645\u064a\u0645)","type":"file_upload","position":1,"required":false,"title_format":"label","default":"","description_enable":false,"description":"","placeholder_enable":false,"placeholder":"","display":"select","restrictions_type":"any_text","adjust_price":false,"price":"","price_type":"flat_fee","restrictions":false,"min":"0","max":"0","options":[],"id":1745795357}],"acf":[],"_links":{"self":[{"href":"https:\/\/amixadvertising.com\/de\/wp-json\/wp\/v2\/product\/11935","targetHints":{"allow":["GET"]}}],"collection":[{"href":"https:\/\/amixadvertising.com\/de\/wp-json\/wp\/v2\/product"}],"about":[{"href":"https:\/\/amixadvertising.com\/de\/wp-json\/wp\/v2\/types\/product"}],"replies":[{"embeddable":true,"href":"https:\/\/amixadvertising.com\/de\/wp-json\/wp\/v2\/comments?post=11935"}],"wp:featuredmedia":[{"embeddable":true,"href":"https:\/\/amixadvertising.com\/de\/wp-json\/wp\/v2\/media\/11936"}],"wp:attachment":[{"href":"https:\/\/amixadvertising.com\/de\/wp-json\/wp\/v2\/media?parent=11935"}],"wp:term":[{"taxonomy":"product_brand","embeddable":true,"href":"https:\/\/amixadvertising.com\/de\/wp-json\/wp\/v2\/product_brand?post=11935"},{"taxonomy":"product_cat","embeddable":true,"href":"https:\/\/amixadvertising.com\/de\/wp-json\/wp\/v2\/product_cat?post=11935"},{"taxonomy":"product_tag","embeddable":true,"href":"https:\/\/amixadvertising.com\/de\/wp-json\/wp\/v2\/product_tag?post=11935"}],"curies":[{"name":"wp","href":"https:\/\/api.w.org\/{rel}","templated":true}]}}