{"id":11931,"date":"2025-04-27T22:19:42","date_gmt":"2025-04-27T19:19:42","guid":{"rendered":"https:\/\/amixadvertising.com\/product\/social-media-pakete\/"},"modified":"2025-04-27T22:19:42","modified_gmt":"2025-04-27T19:19:42","slug":"social-media-pakete","status":"publish","type":"product","link":"https:\/\/amixadvertising.com\/de\/product\/social-media-pakete\/","title":{"rendered":"Social-Media-Pakete"},"content":{"rendered":"<p>Social-Media-Pakete mit Amix<br \/>\nBedeutung des elektronischen Marketings:<br \/>\nDie Qualit\u00e4t Ihrer Produkte und Dienstleistungen ist eine Voraussetzung f\u00fcr den Erfolg, aber die Gewinnung und Beeinflussung von Kunden ist die schwierige Aufgabe.<br \/>\nDar\u00fcber hinaus erschwert der zunehmende Wettbewerb die Situation, da die Technologie den Zugang zur Zielgruppe erleichtert hat.<br \/>\nWir bieten Ihnen die passende Marketingstrategie f\u00fcr Ihr Gesch\u00e4ft und setzen diese \u00fcber verschiedene soziale Medien um.<br \/>\nUnsere Experten entwickeln sorgf\u00e4ltig eine SE0-Strategie, um sicherzustellen, dass Ihr potenzieller Kunde Sie leicht erreichen kann.<br \/>\n&nbsp;<br \/>\nWir helfen Ihnen, erfolgreich zu sein, unabh\u00e4ngig von der T\u00e4tigkeit Ihres Unternehmens oder Ihren Marketingzielen<br \/>\ndurch:<br \/>\n&nbsp;<\/p>\n<p>Aufbau des Bewusstseins f\u00fcr Ihre Marke<br \/>\nSteigerung von Umsatz und Ertrag mit konkreten Zahlen, die vor Beginn der Arbeit vereinbart werden<br \/>\nEinf\u00fchrung eines neuen Produkts oder einer neuen Dienstleistung<br \/>\nErschlie\u00dfung neuer M\u00e4rkte<br \/>\nErh\u00f6hung Ihres Marktanteils<br \/>\nVerwaltung und Weiterf\u00fchrung Ihrer Marke<\/p>\n<p>Wir bieten Ihnen:<\/p>\n<p>Marktforschung: Forschung \u00fcber Wettbewerber sowie deren St\u00e4rken und Schw\u00e4chen<br \/>\nSchaltung von bezahlten Anzeigen und Erzielen der besten Ergebnisse<br \/>\nContent-Strategie f\u00fcr Social Media<br \/>\nAlle Designs, die dem Ziel der Werbung dienen und zu Ihrer Marke passen<br \/>\nBetreuung der Social-Media-Seiten Ihres Unternehmens und Beantwortung aller Anfragen<br \/>\nErstellung von Videos speziell f\u00fcr Ihre Marke <\/p>\n<p>Unsere Marketingstrategie in Social-Media-Paketen<br \/>\nWir entwickeln Ideen und Inhalte und verteilen sie auf geeignete Weise \u00fcber Social-Media-Kan\u00e4le<br \/>\n; Facebook, Twitter, YouTube, LinkedIn, Instagram usw., basierend auf einer umfassenden Strategie, die auf pr\u00e4zisen Daten basiert. <\/p>\n<p>Inbound-Marketing-Strategie<br \/>\nOutbound-Marketing-Strategie<br \/>\nStrategie zur F\u00f6rderung mit innovativem Content<br \/>\nSocial-Media-Marketing-Strategie<br \/>\nProduktmarketingstrategie<br \/>\nMarketingstrategie \u00fcber die Google-Suchmaschine<\/p>\n<p>&nbsp;<\/p>\n<p>Sie k\u00f6nnen unsere neuesten Nachrichten und Arbeiten \u00fcber Facebook verfolgen<br \/>\noder Sie k\u00f6nnen uns kontaktieren \u00fcber<\/p>\n<p>Verkauf: +201156158910<br \/>\nKundendienst: +201156158910  <\/p>\n","protected":false},"excerpt":{"rendered":"<p>Social-Media-Pakete mit Amix<br \/>\nWir helfen Ihnen, erfolgreich zu sein, unabh\u00e4ngig von der T\u00e4tigkeit Ihres Unternehmens oder Ihren Marketingzielen<\/p>\n","protected":false},"featured_media":11932,"comment_status":"open","ping_status":"closed","template":"","meta":{"_acf_changed":false},"product_brand":[],"product_cat":[15],"product_tag":[],"class_list":{"0":"post-11931","1":"product","2":"type-product","3":"status-publish","4":"has-post-thumbnail","6":"product_cat-uncategorized","8":"first","9":"instock","10":"shipping-taxable","11":"product-type-variable"},"exclude_global_add_ons":false,"addons":[{"name":"\u0623\u0643\u062a\u0628 \u0645\u0644\u0627\u062d\u0638\u0627\u062a\u0643 \u0645\u0639 \u0627\u0644\u0637\u0644\u0628","type":"custom_textarea","position":0,"required":false,"title_format":"label","default":"","description_enable":true,"description":"\u062d\u062f \u0627\u0642\u0635\u064a 400 \u062d\u0631\u0641","placeholder_enable":false,"placeholder":"","display":"select","restrictions_type":"any_text","adjust_price":false,"price":"","price_type":"flat_fee","restrictions":true,"min":"0","max":"400","options":[],"id":1745795356},{"name":"\u0647\u0644 \u064a\u0648\u062c\u062f \u0644\u062f\u064a\u0643 \u062a\u0635\u0645\u064a\u0645 (\u0627\u0631\u0641\u0639 \u062a\u0635\u0645\u064a\u0645)","type":"file_upload","position":1,"required":false,"title_format":"label","default":"","description_enable":false,"description":"","placeholder_enable":false,"placeholder":"","display":"select","restrictions_type":"any_text","adjust_price":false,"price":"","price_type":"flat_fee","restrictions":false,"min":"0","max":"0","options":[],"id":1745795357}],"acf":[],"_links":{"self":[{"href":"https:\/\/amixadvertising.com\/de\/wp-json\/wp\/v2\/product\/11931","targetHints":{"allow":["GET"]}}],"collection":[{"href":"https:\/\/amixadvertising.com\/de\/wp-json\/wp\/v2\/product"}],"about":[{"href":"https:\/\/amixadvertising.com\/de\/wp-json\/wp\/v2\/types\/product"}],"replies":[{"embeddable":true,"href":"https:\/\/amixadvertising.com\/de\/wp-json\/wp\/v2\/comments?post=11931"}],"wp:featuredmedia":[{"embeddable":true,"href":"https:\/\/amixadvertising.com\/de\/wp-json\/wp\/v2\/media\/11932"}],"wp:attachment":[{"href":"https:\/\/amixadvertising.com\/de\/wp-json\/wp\/v2\/media?parent=11931"}],"wp:term":[{"taxonomy":"product_brand","embeddable":true,"href":"https:\/\/amixadvertising.com\/de\/wp-json\/wp\/v2\/product_brand?post=11931"},{"taxonomy":"product_cat","embeddable":true,"href":"https:\/\/amixadvertising.com\/de\/wp-json\/wp\/v2\/product_cat?post=11931"},{"taxonomy":"product_tag","embeddable":true,"href":"https:\/\/amixadvertising.com\/de\/wp-json\/wp\/v2\/product_tag?post=11931"}],"curies":[{"name":"wp","href":"https:\/\/api.w.org\/{rel}","templated":true}]}}