{"id":11925,"date":"2025-04-27T22:19:31","date_gmt":"2025-04-27T19:19:31","guid":{"rendered":"https:\/\/amixadvertising.com\/product\/google-search-anzeigen\/"},"modified":"2025-04-27T22:19:31","modified_gmt":"2025-04-27T19:19:31","slug":"google-search-anzeigen","status":"publish","type":"product","link":"https:\/\/amixadvertising.com\/de\/product\/google-search-anzeigen\/","title":{"rendered":"Google Search-Anzeigen"},"content":{"rendered":"<p>Google Search-Anzeigen<br \/>\nErleichtern Sie das Auffinden Ihres Unternehmens \u00fcber die Google-Suche<br \/>\nSie k\u00f6nnen von Millionen von Suchanfragen profitieren, die t\u00e4glich auf Google durchgef\u00fchrt werden, indem Sie Anzeigen im Suchnetzwerk verwenden, um sicherzustellen, dass potenzielle Kunden Ihre Marke wahrnehmen, den Kauf Ihrer Angebote in Erw\u00e4gung ziehen und Ma\u00dfnahmen ergreifen.<br \/>\nErreichen Sie Kunden, die mit Amix nach Ihrem Unternehmen suchen<br \/>\nNutzer verwenden die Google-Suche st\u00e4ndig, um nach Informationen \u00fcber Unternehmen, Orte oder Waren zu suchen, die sie interessieren, oder um zu erfahren, wie bestimmte Aufgaben ausgef\u00fchrt werden. Ihre Keywords tragen dazu bei, dass Ihr Unternehmen f\u00fcr Nutzer sichtbar wird, wenn diese nach Produkten oder Dienstleistungen suchen, die denen \u00e4hneln, die Ihr Unternehmen anbietet.<br \/>\nZusammenarbeit mit einem Google Ads-Experten zur Erstellung Ihrer ersten Kampagne<\/p>\n<p>Wir informieren Sie schnell \u00fcber die neuesten Nachrichten der Plattform<br \/>\nWir erstellen einen Medienplan, der Ihnen hilft, Ihr Budget optimal zu nutzen<br \/>\nWir helfen Ihnen, Ihre erste Kampagne mit praktischen Anleitungen zu starten<\/p>\n<p>&nbsp;<\/p>\n<p>Sie k\u00f6nnen unsere neuesten Nachrichten und Arbeiten \u00fcber Facebook verfolgen<br \/>\noder Sie k\u00f6nnen uns kontaktieren \u00fcber<\/p>\n<p>Verkauf: +201156158910<br \/>\nKundendienst: +201156158910  <\/p>\n","protected":false},"excerpt":{"rendered":"<p>Google Search-Anzeigen<\/p>\n","protected":false},"featured_media":11926,"comment_status":"open","ping_status":"closed","template":"","meta":{"_acf_changed":false},"product_brand":[],"product_cat":[104,105,106],"product_tag":[],"class_list":{"0":"post-11925","1":"product","2":"type-product","3":"status-publish","4":"has-post-thumbnail","6":"product_cat-104","7":"product_cat-105","8":"product_cat-106","10":"first","11":"instock","12":"shipping-taxable","13":"product-type-variable"},"exclude_global_add_ons":false,"addons":[{"name":"\u0623\u0643\u062a\u0628 \u0645\u0644\u0627\u062d\u0638\u0627\u062a\u0643 \u0645\u0639 \u0627\u0644\u0637\u0644\u0628","type":"custom_textarea","position":0,"required":false,"title_format":"label","default":"","description_enable":true,"description":"\u062d\u062f \u0627\u0642\u0635\u064a 400 \u062d\u0631\u0641","placeholder_enable":false,"placeholder":"","display":"select","restrictions_type":"any_text","adjust_price":false,"price":"","price_type":"flat_fee","restrictions":true,"min":"0","max":"400","options":[],"id":1745795356},{"name":"\u0647\u0644 \u064a\u0648\u062c\u062f \u0644\u062f\u064a\u0643 \u062a\u0635\u0645\u064a\u0645 (\u0627\u0631\u0641\u0639 \u062a\u0635\u0645\u064a\u0645)","type":"file_upload","position":1,"required":false,"title_format":"label","default":"","description_enable":false,"description":"","placeholder_enable":false,"placeholder":"","display":"select","restrictions_type":"any_text","adjust_price":false,"price":"","price_type":"flat_fee","restrictions":false,"min":"0","max":"0","options":[],"id":1745795357}],"acf":[],"_links":{"self":[{"href":"https:\/\/amixadvertising.com\/de\/wp-json\/wp\/v2\/product\/11925","targetHints":{"allow":["GET"]}}],"collection":[{"href":"https:\/\/amixadvertising.com\/de\/wp-json\/wp\/v2\/product"}],"about":[{"href":"https:\/\/amixadvertising.com\/de\/wp-json\/wp\/v2\/types\/product"}],"replies":[{"embeddable":true,"href":"https:\/\/amixadvertising.com\/de\/wp-json\/wp\/v2\/comments?post=11925"}],"wp:featuredmedia":[{"embeddable":true,"href":"https:\/\/amixadvertising.com\/de\/wp-json\/wp\/v2\/media\/11926"}],"wp:attachment":[{"href":"https:\/\/amixadvertising.com\/de\/wp-json\/wp\/v2\/media?parent=11925"}],"wp:term":[{"taxonomy":"product_brand","embeddable":true,"href":"https:\/\/amixadvertising.com\/de\/wp-json\/wp\/v2\/product_brand?post=11925"},{"taxonomy":"product_cat","embeddable":true,"href":"https:\/\/amixadvertising.com\/de\/wp-json\/wp\/v2\/product_cat?post=11925"},{"taxonomy":"product_tag","embeddable":true,"href":"https:\/\/amixadvertising.com\/de\/wp-json\/wp\/v2\/product_tag?post=11925"}],"curies":[{"name":"wp","href":"https:\/\/api.w.org\/{rel}","templated":true}]}}