{"id":11923,"date":"2025-04-27T22:18:39","date_gmt":"2025-04-27T19:18:39","guid":{"rendered":"https:\/\/amixadvertising.com\/product\/flaggen\/"},"modified":"2025-04-27T22:18:39","modified_gmt":"2025-04-27T19:18:39","slug":"flaggen","status":"publish","type":"product","link":"https:\/\/amixadvertising.com\/de\/product\/flaggen\/","title":{"rendered":"Flaggen"},"content":{"rendered":"<p>Flaggen, egal welcher Art, ob Tischflagge, Tropfenflagge oder Pr\u00e4sidentenflagge, sind bei Amix erh\u00e4ltlich. Es ist die Flagge, die auf Schreibtischen oder auf der Stra\u00dfe platziert wird. Sie wird normalerweise verwendet, um Dinge wie Folgendes anzuzeigen:<br \/>\nFlagge eines Landes zur Darstellung der Nationalit\u00e4t oder nationalen Zugeh\u00f6rigkeit<br \/>\nFlagge eines Unternehmens zur Darstellung eines Unternehmens oder einer Organisation<br \/>\nFlagge einer Sportmannschaft, um Ihre Unterst\u00fctzung f\u00fcr eine bestimmte Mannschaft auszudr\u00fccken<br \/>\nTischflaggen sind in verschiedenen Formen und Gr\u00f6\u00dfen erh\u00e4ltlich und werden normalerweise aus Satinstoff hergestellt<br \/>\nFolgende Typen sind jetzt verf\u00fcgbar:<br \/>\nNormale silberne Tischflagge \u2013 Normale goldene Tischflagge \u2013 Normale doppelt silberne Tischflagge \u2013 Doppelseitige rechteckige Tischflagge \u2013 Rechteckige Tischflagge \u2013 Z-Tischflagge \u2013 Federflagge Gr\u00f6\u00dfe 280 cm \u2013 Federflagge Gr\u00f6\u00dfe 340 cm \u2013 Federflagge Gr\u00f6\u00dfe 440 cm \u2013 Federflagge Gr\u00f6\u00dfe 550 cm \u2013 Rechteckige Flagge Gr\u00f6\u00dfe 270 cm \u2013 Rechteckige Flagge Gr\u00f6\u00dfe 330 cm \u2013 Rechteckige Flagge Gr\u00f6\u00dfe 430 cm \u2013 Rechteckige Flagge Gr\u00f6\u00dfe 550 cm \u2013 Pr\u00e4sidentenflagge 2 Meter Silber \u2013 Pr\u00e4sidentenflagge 2 Meter Gold \u2013 Rucksackflagge \u2013 Rollerflagge<br \/>\nSie k\u00f6nnen unsere neuesten Nachrichten und Arbeiten \u00fcber Facebook verfolgen.<br \/>\nOder Sie k\u00f6nnen uns \u00fcber kontaktieren<\/p>\n<p>Verkauf: +201156158910<br \/>\nKundendienst: +201156158910  <\/p>\n","protected":false},"excerpt":{"rendered":"<p>Flaggen, egal welcher Art, ob Tischflagge, Tropfenflagge oder Pr\u00e4sidentenflagge, sind bei Amix erh\u00e4ltlich. Es ist die Flagge, die auf Schreibtischen oder auf der Stra\u00dfe platziert wird. Sie wird normalerweise verwendet, um Dinge wie Folgendes anzuzeigen: Flagge eines Landes zur Darstellung der Nationalit\u00e4t oder nationalen Zugeh\u00f6rigkeit Flagge eines Unternehmens zur Darstellung eines Unternehmens oder einer Organisation [&hellip;]<\/p>\n","protected":false},"featured_media":11847,"comment_status":"open","ping_status":"closed","template":"","meta":{"_acf_changed":false},"product_brand":[],"product_cat":[103,583],"product_tag":[],"class_list":{"0":"post-11923","1":"product","2":"type-product","3":"status-publish","4":"has-post-thumbnail","6":"product_cat-103","7":"product_cat-583","9":"first","10":"instock","11":"shipping-taxable","12":"product-type-variable"},"exclude_global_add_ons":false,"addons":[{"name":"\u0623\u0643\u062a\u0628 \u0645\u0644\u0627\u062d\u0638\u0627\u062a\u0643 \u0645\u0639 \u0627\u0644\u0637\u0644\u0628","type":"custom_textarea","position":0,"required":false,"title_format":"label","default":"","description_enable":true,"description":"\u062d\u062f \u0627\u0642\u0635\u064a 400 \u062d\u0631\u0641","placeholder_enable":false,"placeholder":"","display":"select","restrictions_type":"any_text","adjust_price":false,"price":"","price_type":"flat_fee","restrictions":true,"min":"0","max":"400","options":[],"id":1745795356},{"name":"\u0647\u0644 \u064a\u0648\u062c\u062f \u0644\u062f\u064a\u0643 \u062a\u0635\u0645\u064a\u0645 (\u0627\u0631\u0641\u0639 \u062a\u0635\u0645\u064a\u0645)","type":"file_upload","position":1,"required":false,"title_format":"label","default":"","description_enable":false,"description":"","placeholder_enable":false,"placeholder":"","display":"select","restrictions_type":"any_text","adjust_price":false,"price":"","price_type":"flat_fee","restrictions":false,"min":"0","max":"0","options":[],"id":1745795357}],"acf":[],"_links":{"self":[{"href":"https:\/\/amixadvertising.com\/de\/wp-json\/wp\/v2\/product\/11923","targetHints":{"allow":["GET"]}}],"collection":[{"href":"https:\/\/amixadvertising.com\/de\/wp-json\/wp\/v2\/product"}],"about":[{"href":"https:\/\/amixadvertising.com\/de\/wp-json\/wp\/v2\/types\/product"}],"replies":[{"embeddable":true,"href":"https:\/\/amixadvertising.com\/de\/wp-json\/wp\/v2\/comments?post=11923"}],"wp:featuredmedia":[{"embeddable":true,"href":"https:\/\/amixadvertising.com\/de\/wp-json\/wp\/v2\/media\/11847"}],"wp:attachment":[{"href":"https:\/\/amixadvertising.com\/de\/wp-json\/wp\/v2\/media?parent=11923"}],"wp:term":[{"taxonomy":"product_brand","embeddable":true,"href":"https:\/\/amixadvertising.com\/de\/wp-json\/wp\/v2\/product_brand?post=11923"},{"taxonomy":"product_cat","embeddable":true,"href":"https:\/\/amixadvertising.com\/de\/wp-json\/wp\/v2\/product_cat?post=11923"},{"taxonomy":"product_tag","embeddable":true,"href":"https:\/\/amixadvertising.com\/de\/wp-json\/wp\/v2\/product_tag?post=11923"}],"curies":[{"name":"wp","href":"https:\/\/api.w.org\/{rel}","templated":true}]}}