{"id":11915,"date":"2025-04-27T22:13:17","date_gmt":"2025-04-27T19:13:17","guid":{"rendered":"https:\/\/amixadvertising.com\/product\/wanduhr\/"},"modified":"2025-04-27T22:13:17","modified_gmt":"2025-04-27T19:13:17","slug":"wanduhr","status":"publish","type":"product","link":"https:\/\/amixadvertising.com\/de\/product\/wanduhr\/","title":{"rendered":"Wanduhr"},"content":{"rendered":"<p>Wanduhr<br \/>\nWand- und Tischuhren sind Gegenst\u00e4nde, die man st\u00e4ndig betrachtet. W\u00e4hlen Sie daher diejenige aus, die am besten zu Ihrem Unternehmen und Ihrer Marke passt. Wir haben eine gro\u00dfe Auswahl an Designs.<br \/>\nAmix Advertising ist das f\u00fchrende Unternehmen im Bereich Werbung, das die besten Firmengeschenke nach Wahl und Vorlieben der Kunden herstellt. Kontaktieren Sie uns jetzt, um die h\u00f6chste Qualit\u00e4t f\u00fcr Ihr Unternehmen zu den besten Preisen zu erhalten!<br \/>\nSie k\u00f6nnen unsere neuesten Nachrichten und Arbeiten \u00fcber Facebook verfolgen<br \/>\noder Sie k\u00f6nnen uns kontaktieren \u00fcber   <\/p>\n<p>Verkauf: +201156158910<br \/>\nKundendienst: +201156158910  <\/p>\n","protected":false},"excerpt":{"rendered":"<p>Druck auf Wanduhr. Verschiedene Gr\u00f6\u00dfen. Der Preis beinhaltet Uhr, Design und Druck. Mindestmenge 3 Uhren.   <\/p>\n","protected":false},"featured_media":11916,"comment_status":"open","ping_status":"closed","template":"","meta":{"_acf_changed":false},"product_brand":[],"product_cat":[55],"product_tag":[],"class_list":{"0":"post-11915","1":"product","2":"type-product","3":"status-publish","4":"has-post-thumbnail","6":"product_cat-corporate-gifts","8":"first","9":"instock","10":"shipping-taxable","11":"product-type-variable"},"exclude_global_add_ons":false,"addons":[{"name":"\u0623\u0643\u062a\u0628 \u0645\u0644\u0627\u062d\u0638\u0627\u062a\u0643 \u0645\u0639 \u0627\u0644\u0637\u0644\u0628","type":"custom_textarea","position":0,"required":false,"title_format":"label","default":"","description_enable":true,"description":"\u062d\u062f \u0627\u0642\u0635\u064a 400 \u062d\u0631\u0641","placeholder_enable":false,"placeholder":"","display":"select","restrictions_type":"any_text","adjust_price":false,"price":"","price_type":"flat_fee","restrictions":true,"min":"0","max":"400","options":[],"id":1745795356},{"name":"\u0647\u0644 \u064a\u0648\u062c\u062f \u0644\u062f\u064a\u0643 \u062a\u0635\u0645\u064a\u0645 (\u0627\u0631\u0641\u0639 \u062a\u0635\u0645\u064a\u0645)","type":"file_upload","position":1,"required":false,"title_format":"label","default":"","description_enable":false,"description":"","placeholder_enable":false,"placeholder":"","display":"select","restrictions_type":"any_text","adjust_price":false,"price":"","price_type":"flat_fee","restrictions":false,"min":"0","max":"0","options":[],"id":1745795357}],"acf":[],"_links":{"self":[{"href":"https:\/\/amixadvertising.com\/de\/wp-json\/wp\/v2\/product\/11915","targetHints":{"allow":["GET"]}}],"collection":[{"href":"https:\/\/amixadvertising.com\/de\/wp-json\/wp\/v2\/product"}],"about":[{"href":"https:\/\/amixadvertising.com\/de\/wp-json\/wp\/v2\/types\/product"}],"replies":[{"embeddable":true,"href":"https:\/\/amixadvertising.com\/de\/wp-json\/wp\/v2\/comments?post=11915"}],"wp:featuredmedia":[{"embeddable":true,"href":"https:\/\/amixadvertising.com\/de\/wp-json\/wp\/v2\/media\/11916"}],"wp:attachment":[{"href":"https:\/\/amixadvertising.com\/de\/wp-json\/wp\/v2\/media?parent=11915"}],"wp:term":[{"taxonomy":"product_brand","embeddable":true,"href":"https:\/\/amixadvertising.com\/de\/wp-json\/wp\/v2\/product_brand?post=11915"},{"taxonomy":"product_cat","embeddable":true,"href":"https:\/\/amixadvertising.com\/de\/wp-json\/wp\/v2\/product_cat?post=11915"},{"taxonomy":"product_tag","embeddable":true,"href":"https:\/\/amixadvertising.com\/de\/wp-json\/wp\/v2\/product_tag?post=11915"}],"curies":[{"name":"wp","href":"https:\/\/api.w.org\/{rel}","templated":true}]}}