{"id":11911,"date":"2025-04-27T22:13:17","date_gmt":"2025-04-27T19:13:17","guid":{"rendered":"https:\/\/amixadvertising.com\/product\/broschuerendruck\/"},"modified":"2025-04-27T22:13:17","modified_gmt":"2025-04-27T19:13:17","slug":"broschuerendruck","status":"publish","type":"product","link":"https:\/\/amixadvertising.com\/de\/product\/broschuerendruck\/","title":{"rendered":"Brosch\u00fcrendruck"},"content":{"rendered":"<p>Brosch\u00fcrendruck mit Amix, der f\u00fchrenden Werbefirma in \u00c4gypten<br \/>\nProduktbeschreibung: Brosch\u00fcre<br \/>\nDie Brosch\u00fcre ist ein wirksames Instrument in der Welt des Marketings und der Werbung, da sie verwendet wird, um Informationen auf attraktive und einfache Weise zu vermitteln. Die Brosch\u00fcre zeichnet sich durch ihr modernes Design und ihre visuelle Attraktivit\u00e4t aus, was sie zur idealen Wahl f\u00fcr die Vermarktung verschiedener Produkte und Dienstleistungen macht. Eine Brosch\u00fcre besteht in der Regel aus hochwertigem Karton, auf dem wichtige Informationen \u00fcbersichtlich aufgedruckt sind, so dass der Leser die Botschaft schnell erfassen kann. Zu den wichtigsten Merkmalen der Brosch\u00fcre geh\u00f6ren: <\/p>\n<p>Professionelles Design: Die Brosch\u00fcre kann so gestaltet werden, dass sie die visuelle Identit\u00e4t der Marke widerspiegelt, was sie f\u00fcr das Auge attraktiv macht und dazu beitr\u00e4gt, einen positiven Eindruck beim Publikum zu hinterlassen.<br \/>\nKnapper und klarer Inhalt: Die Brosch\u00fcre zielt darauf ab, Informationen so einfach wie m\u00f6glich darzustellen, wobei der Schwerpunkt auf den wichtigsten Punkten liegt, die f\u00fcr die Kunden von Interesse sind.<br \/>\nVielf\u00e4ltige Einsatzm\u00f6glichkeiten: Die Brosch\u00fcre wird bei einer Vielzahl von Veranstaltungen wie Messen, Partys und Konferenzen eingesetzt, was sie zu einem vielseitigen Werkzeug macht.<br \/>\nEinfacher Transport und Verteilung: Dank ihres geringen Gewichts und ihrer geeigneten Abmessungen lassen sich Brosch\u00fcren leicht verteilen, was dazu beitr\u00e4gt, die Reichweite potenzieller Kunden zu erh\u00f6hen.<br \/>\nAnpassbarkeit: Die Brosch\u00fcre kann an Ihre speziellen Bed\u00fcrfnisse angepasst werden, sei es in Bezug auf Farben, Gr\u00f6\u00dfe oder Papiersorte, was ihr einen einzigartigen Charakter verleiht, der zu jeder Marketingkampagne passt.     <\/p>\n<p>Im Allgemeinen ist die Brosch\u00fcre eine ideale Wahl, um effektive Ergebnisse in Marketingkampagnen zu erzielen, da sie dazu beitr\u00e4gt, das Bewusstsein der \u00d6ffentlichkeit f\u00fcr die Marke zu sch\u00e4rfen und den Umsatz zu steigern.<br \/>\n.Arten von Brosch\u00fcren:<\/p>\n<p>Einseitige Brosch\u00fcre: Dies ist ein einfaches Design, das aus einem einzigen Blatt besteht, das einseitig oder beidseitig bedruckt sein kann. Sie ist in verschiedenen Gr\u00f6\u00dfen wie A5 und A4 erh\u00e4ltlich und kann rechteckig oder quadratisch sein. Diese Art wird haupts\u00e4chlich f\u00fcr schnelle Werbebotschaften oder grundlegende Definitionen verwendet.<br \/>\nZweifach gefaltete Brosch\u00fcre: Sie besteht aus einem Blatt, das in zwei Teile gefaltet ist, wodurch 4 Seiten zum Bedrucken entstehen. Diese Art ist die gebr\u00e4uchlichste, da viele Restaurants und Unternehmen sie verwenden, um ihre Produkte und Angebote klar und ansprechend zu pr\u00e4sentieren. Sie zeichnet sich durch ihre \u00fcbliche Gr\u00f6\u00dfe A4 aus, wodurch sie leicht zu transportieren und zu verteilen ist.<br \/>\nDreifach gefaltete Brosch\u00fcre: Dies ist ein Design, bei dem das Papier dreimal gefaltet wird, wodurch Sie 6 Seiten f\u00fcr Werbung erhalten. Diese Art ist ideal f\u00fcr Unternehmen, die eine breite Palette von Produkten anbieten, da sie mehr Platz bietet, um gen\u00fcgend Informationen anzuzeigen, die den Kunden helfen und ihnen bei ihren Entscheidungen helfen. Sie wird h\u00e4ufig bei Veranstaltungen und Messen verwendet.<\/p>\n<p>Vorteile der Brosch\u00fcre:<br \/>\nSorgen Sie daf\u00fcr, dass Ihre Markenwerbung mit der Brosch\u00fcre gl\u00e4nzt<br \/>\nIm Zeitalter des harten Wettbewerbs und des fortschrittlichen digitalen Marketings besteht ein wachsender Bedarf an Werbemitteln, die Ihnen helfen, sich abzuheben und die Aufmerksamkeit effektiv zu erregen. ist die perfekte L\u00f6sung, um diesen Bedarf zu decken, da sie modernes Design und praktische Funktionen kombiniert, um Ihren Kunden eine klare und wirkungsvolle Botschaft zu vermitteln.   <\/p>\n<p>Einfache Verbreitung: Die Brosch\u00fcre zeichnet sich durch ihre hohe Verbreitungsf\u00e4higkeit aus, da sie leicht mit Produkten oder bei verschiedenen Werbeveranstaltungen verteilt werden kann. Dies tr\u00e4gt dazu bei, die Aufmerksamkeit auf die Produkte und Dienstleistungen zu lenken und die Chancen auf Kundenakzeptanz zu erh\u00f6hen, was zur Steigerung des Markenbewusstseins beitr\u00e4gt.<br \/>\nFlexibilit\u00e4t und Benutzerfreundlichkeit: Die Brosch\u00fcre kann an verschiedenen Orten wie Gesch\u00e4ften oder Empfangszentren platziert werden, was sie zu einem Mittel zur Erh\u00f6hung des Marketingdrucks macht. Sie kann in Wartezimmern oder bei Empfangsmitarbeitern aufbewahrt werden, so dass Besucher die notwendigen Informationen einfach und schnell erhalten k\u00f6nnen.<br \/>\nGute Referenz: Die Brosch\u00fcre ist eine ideale Informationsquelle. Sie dient als Leitfaden, der umfassende Details \u00fcber das Unternehmen oder die Gesch\u00e4ftst\u00e4tigkeit bietet, so dass Einzelpersonen jederzeit darauf zur\u00fcckgreifen k\u00f6nnen, wenn sie weitere Informationen ben\u00f6tigen. Sie tr\u00e4gt auch dazu bei, eine klare und pr\u00e4zise Erl\u00e4uterung der Produkte und Dienstleistungen zu geben, was die Professionalit\u00e4t der Kommunikation mit den Kunden verbessert.<\/p>\n<p>Im Allgemeinen ist die Brosch\u00fcre ein effektives Marketinginstrument, das dazu beitr\u00e4gt, die Markenidentit\u00e4t zu st\u00e4rken und Informationen auf ansprechende Weise zu pr\u00e4sentieren, was die Chancen erh\u00f6ht, Kunden zu gewinnen und den Umsatz zu steigern.<br \/>\nFazit: Die Brosch\u00fcre gilt als ein starkes Marketinginstrument, da sie es Unternehmen erleichtert, die Aufmerksamkeit potenzieller Kunden zu erregen und Informationen auf organisierte und ansprechende Weise zu pr\u00e4sentieren. Unabh\u00e4ngig von der gew\u00e4hlten Art bleibt die Brosch\u00fcre eine wirksame Option, um das Markenbewusstsein zu steigern und den Umsatz zu f\u00f6rdern.<br \/>\nDie Brosch\u00fcre wird bei Amix mit den modernsten und neuesten Druckmaschinen in \u00c4gypten und im Nahen Osten gedruckt<br \/>\nSie k\u00f6nnen unsere neuesten Nachrichten und Arbeiten \u00fcber Facebook verfolgen<br \/>\nOder Sie k\u00f6nnen uns kontaktieren \u00fcber    <\/p>\n<p>Verkauf: +201156158910<br \/>\nKundendienst: +201156158910  <\/p>\n","protected":false},"excerpt":{"rendered":"<p>Brosch\u00fcrendruck<br \/>\nDer Preis beinhaltet Design und Druck. Mindestbestellmenge 1000. <\/p>\n","protected":false},"featured_media":11912,"comment_status":"open","ping_status":"closed","template":"","meta":{"_acf_changed":false},"product_brand":[],"product_cat":[583,57,54],"product_tag":[],"class_list":{"0":"post-11911","1":"product","2":"type-product","3":"status-publish","4":"has-post-thumbnail","6":"product_cat-583","7":"product_cat-corporate-prints","8":"product_cat-printing-products","10":"first","11":"instock","12":"shipping-taxable","13":"product-type-variable"},"exclude_global_add_ons":false,"addons":[{"name":"\u0623\u0643\u062a\u0628 \u0645\u0644\u0627\u062d\u0638\u0627\u062a\u0643 \u0645\u0639 \u0627\u0644\u0637\u0644\u0628","type":"custom_textarea","position":0,"required":false,"title_format":"label","default":"","description_enable":true,"description":"\u062d\u062f \u0627\u0642\u0635\u064a 400 \u062d\u0631\u0641","placeholder_enable":false,"placeholder":"","display":"select","restrictions_type":"any_text","adjust_price":false,"price":"","price_type":"flat_fee","restrictions":true,"min":"0","max":"400","options":[],"id":1745795356},{"name":"\u0647\u0644 \u064a\u0648\u062c\u062f \u0644\u062f\u064a\u0643 \u062a\u0635\u0645\u064a\u0645 (\u0627\u0631\u0641\u0639 \u062a\u0635\u0645\u064a\u0645)","type":"file_upload","position":1,"required":false,"title_format":"label","default":"","description_enable":false,"description":"","placeholder_enable":false,"placeholder":"","display":"select","restrictions_type":"any_text","adjust_price":false,"price":"","price_type":"flat_fee","restrictions":false,"min":"0","max":"0","options":[],"id":1745795357}],"acf":[],"_links":{"self":[{"href":"https:\/\/amixadvertising.com\/de\/wp-json\/wp\/v2\/product\/11911","targetHints":{"allow":["GET"]}}],"collection":[{"href":"https:\/\/amixadvertising.com\/de\/wp-json\/wp\/v2\/product"}],"about":[{"href":"https:\/\/amixadvertising.com\/de\/wp-json\/wp\/v2\/types\/product"}],"replies":[{"embeddable":true,"href":"https:\/\/amixadvertising.com\/de\/wp-json\/wp\/v2\/comments?post=11911"}],"wp:featuredmedia":[{"embeddable":true,"href":"https:\/\/amixadvertising.com\/de\/wp-json\/wp\/v2\/media\/11912"}],"wp:attachment":[{"href":"https:\/\/amixadvertising.com\/de\/wp-json\/wp\/v2\/media?parent=11911"}],"wp:term":[{"taxonomy":"product_brand","embeddable":true,"href":"https:\/\/amixadvertising.com\/de\/wp-json\/wp\/v2\/product_brand?post=11911"},{"taxonomy":"product_cat","embeddable":true,"href":"https:\/\/amixadvertising.com\/de\/wp-json\/wp\/v2\/product_cat?post=11911"},{"taxonomy":"product_tag","embeddable":true,"href":"https:\/\/amixadvertising.com\/de\/wp-json\/wp\/v2\/product_tag?post=11911"}],"curies":[{"name":"wp","href":"https:\/\/api.w.org\/{rel}","templated":true}]}}