{"id":11898,"date":"2025-04-27T21:31:24","date_gmt":"2025-04-27T18:31:24","guid":{"rendered":"https:\/\/amixadvertising.com\/product\/dreifachanschluss-ladekabel\/"},"modified":"2025-04-27T21:31:24","modified_gmt":"2025-04-27T18:31:24","slug":"dreifachanschluss-ladekabel","status":"publish","type":"product","link":"https:\/\/amixadvertising.com\/de\/product\/dreifachanschluss-ladekabel\/","title":{"rendered":"Dreifachanschluss (Ladekabel)"},"content":{"rendered":"<p>Dreifachanschluss (Ladekabel)<br \/>\nProduktbeschreibung: Dreifachanschluss (Multi-Ladekabel)<br \/>\nGenie\u00dfen Sie ein komfortables und schnelles Ladeerlebnis mit dem Dreifachanschluss von Amix (Multi-Ladekabel), der aus hochwertigen, geflochtenen Nylonmaterialien gefertigt ist. Dieses Kabel zeichnet sich durch ein verwicklungsfreies Design dank der flexiblen Struktur aus, die eine hervorragende Haltbarkeit f\u00fcr den t\u00e4glichen Gebrauch bietet. Der Kabelkern besteht aus hochreinem Kupfer und ist mit einem intelligenten Chip ausgestattet, um die Sicherheit des Ladevorgangs mit integriertem \u00dcberladeschutz und konstantem Strom zu gew\u00e4hrleisten.Das 3-in-1-Ladekabel ist mit drei verschiedenen USB-Ladeanschl\u00fcssen ausgestattet: Micro-USB, USB-C und Lightning-Anschluss. Dank dieses Mehrfachdesigns k\u00f6nnen Sie mehrere Ger\u00e4te gleichzeitig aufladen, ohne sich Gedanken \u00fcber die Suche nach einem bestimmten Kabel machen zu m\u00fcssen. Der Anschluss eignet sich f\u00fcr eine breite Palette von Ger\u00e4ten, darunter Smartphones wie Samsung Galaxy S9 und S8, Pixel-Telefone und das iPhone 14, was Ihnen jederzeit Nutzungsfreiheit gibt.Der Dreifachanschluss bietet schnelles Aufladen, wobei der maximale Ladestrom bis zu 2,4 Ampere f\u00fcr Micro-USB- und Lightning-Anschl\u00fcsse und 3,0 Ampere f\u00fcr USB-C-Anschl\u00fcsse betr\u00e4gt. Dar\u00fcber hinaus kann jede Schnittstelle problemlos mit dem Computer verbunden werden, um Daten zu \u00fcbertragen, was sie zu einer idealen Wahl f\u00fcr den t\u00e4glichen Gebrauch macht.Sie erhalten ein Paket mit einem Multi-Ladekabel, das hohe Leistung und hervorragende Qualit\u00e4t vereint und somit Ihr idealer Begleiter auf der t\u00e4glichen Lade-Reise ist. Holen Sie sich noch heute das dreifache Ladekabel, um Ihre Erfahrung zu erleichtern und Zeit zu sparen!<\/p>\n<p>Sie k\u00f6nnen unsere neuesten Nachrichten und Arbeiten \u00fcber Facebook verfolgen<br \/>\noder Sie k\u00f6nnen uns kontaktieren \u00fcber<\/p>\n<p>Verkauf: +201156158910<br \/>\nKundendienst: +201156158910  <\/p>\n","protected":false},"excerpt":{"rendered":"<p>Dreifachanschluss (Ladekabel)<\/p>\n","protected":false},"featured_media":0,"comment_status":"open","ping_status":"closed","template":"","meta":{"_acf_changed":false},"product_brand":[],"product_cat":[55],"product_tag":[],"class_list":{"0":"post-11898","1":"product","2":"type-product","3":"status-publish","5":"product_cat-corporate-gifts","7":"first","8":"instock","9":"shipping-taxable","10":"product-type-simple"},"exclude_global_add_ons":false,"addons":[{"name":"\u0623\u0643\u062a\u0628 \u0645\u0644\u0627\u062d\u0638\u0627\u062a\u0643 \u0645\u0639 \u0627\u0644\u0637\u0644\u0628","type":"custom_textarea","position":0,"required":false,"title_format":"label","default":"","description_enable":true,"description":"\u062d\u062f \u0627\u0642\u0635\u064a 400 \u062d\u0631\u0641","placeholder_enable":false,"placeholder":"","display":"select","restrictions_type":"any_text","adjust_price":false,"price":"","price_type":"flat_fee","restrictions":true,"min":"0","max":"400","options":[],"id":1745795356},{"name":"\u0647\u0644 \u064a\u0648\u062c\u062f \u0644\u062f\u064a\u0643 \u062a\u0635\u0645\u064a\u0645 (\u0627\u0631\u0641\u0639 \u062a\u0635\u0645\u064a\u0645)","type":"file_upload","position":1,"required":false,"title_format":"label","default":"","description_enable":false,"description":"","placeholder_enable":false,"placeholder":"","display":"select","restrictions_type":"any_text","adjust_price":false,"price":"","price_type":"flat_fee","restrictions":false,"min":"0","max":"0","options":[],"id":1745795357}],"acf":[],"_links":{"self":[{"href":"https:\/\/amixadvertising.com\/de\/wp-json\/wp\/v2\/product\/11898","targetHints":{"allow":["GET"]}}],"collection":[{"href":"https:\/\/amixadvertising.com\/de\/wp-json\/wp\/v2\/product"}],"about":[{"href":"https:\/\/amixadvertising.com\/de\/wp-json\/wp\/v2\/types\/product"}],"replies":[{"embeddable":true,"href":"https:\/\/amixadvertising.com\/de\/wp-json\/wp\/v2\/comments?post=11898"}],"wp:attachment":[{"href":"https:\/\/amixadvertising.com\/de\/wp-json\/wp\/v2\/media?parent=11898"}],"wp:term":[{"taxonomy":"product_brand","embeddable":true,"href":"https:\/\/amixadvertising.com\/de\/wp-json\/wp\/v2\/product_brand?post=11898"},{"taxonomy":"product_cat","embeddable":true,"href":"https:\/\/amixadvertising.com\/de\/wp-json\/wp\/v2\/product_cat?post=11898"},{"taxonomy":"product_tag","embeddable":true,"href":"https:\/\/amixadvertising.com\/de\/wp-json\/wp\/v2\/product_tag?post=11898"}],"curies":[{"name":"wp","href":"https:\/\/api.w.org\/{rel}","templated":true}]}}