{"id":11890,"date":"2025-04-27T21:31:23","date_gmt":"2025-04-27T18:31:23","guid":{"rendered":"https:\/\/amixadvertising.com\/product\/angebote-fuer-restaurants\/"},"modified":"2025-04-27T21:31:23","modified_gmt":"2025-04-27T18:31:23","slug":"angebote-fuer-restaurants","status":"publish","type":"product","link":"https:\/\/amixadvertising.com\/de\/product\/angebote-fuer-restaurants\/","title":{"rendered":"Angebote f\u00fcr Restaurants"},"content":{"rendered":"<p>&nbsp;<br \/>\n Entspannen Sie sich und bestellen Sie das Restaurantangebot.<br \/>\nDas Angebot umfasst 1000 Men\u00fcs im Format 32 \u00d7 22 + 2000 Flyer im Format 22 \u00d7 16.<br \/>\nBeide sind farbig auf den neuesten Druckmaschinen beidseitig bedruckt.<br \/>\nUnd das alles f\u00fcr 3700 statt 5000.<\/p>\n<p>Sie k\u00f6nnen unsere neuesten Nachrichten und Arbeiten \u00fcber Facebook verfolgen<br \/>\noder Sie k\u00f6nnen uns kontaktieren \u00fcber<\/p>\n<p>Verkauf: +201156158910<br \/>\nKundendienst: +201156158910  <\/p>\n","protected":false},"excerpt":{"rendered":"<p>Entspannen Sie sich und bestellen Sie das Restaurantangebot.<br \/>\nDas Angebot umfasst 1000 Men\u00fcs im Format 32 \u00d7 22 + 2000 Flyer im Format 22 \u00d7 16.<br \/>\nBeide sind farbig auf den neuesten Druckmaschinen beidseitig bedruckt.<br \/>\nUnd das alles f\u00fcr 3700 statt 5000.<\/p>\n","protected":false},"featured_media":11891,"comment_status":"open","ping_status":"closed","template":"","meta":{"_acf_changed":false},"product_brand":[],"product_cat":[101,102],"product_tag":[],"class_list":{"0":"post-11890","1":"product","2":"type-product","3":"status-publish","4":"has-post-thumbnail","6":"product_cat-101","7":"product_cat-102","9":"first","10":"instock","11":"shipping-taxable","12":"product-type-simple"},"acf":[],"jetpack_sharing_enabled":true,"_links":{"self":[{"href":"https:\/\/amixadvertising.com\/de\/wp-json\/wp\/v2\/product\/11890","targetHints":{"allow":["GET"]}}],"collection":[{"href":"https:\/\/amixadvertising.com\/de\/wp-json\/wp\/v2\/product"}],"about":[{"href":"https:\/\/amixadvertising.com\/de\/wp-json\/wp\/v2\/types\/product"}],"replies":[{"embeddable":true,"href":"https:\/\/amixadvertising.com\/de\/wp-json\/wp\/v2\/comments?post=11890"}],"wp:featuredmedia":[{"embeddable":true,"href":"https:\/\/amixadvertising.com\/de\/wp-json\/wp\/v2\/media\/11891"}],"wp:attachment":[{"href":"https:\/\/amixadvertising.com\/de\/wp-json\/wp\/v2\/media?parent=11890"}],"wp:term":[{"taxonomy":"product_brand","embeddable":true,"href":"https:\/\/amixadvertising.com\/de\/wp-json\/wp\/v2\/product_brand?post=11890"},{"taxonomy":"product_cat","embeddable":true,"href":"https:\/\/amixadvertising.com\/de\/wp-json\/wp\/v2\/product_cat?post=11890"},{"taxonomy":"product_tag","embeddable":true,"href":"https:\/\/amixadvertising.com\/de\/wp-json\/wp\/v2\/product_tag?post=11890"}],"curies":[{"name":"wp","href":"https:\/\/api.w.org\/{rel}","templated":true}]}}