{"id":11886,"date":"2025-04-27T21:31:23","date_gmt":"2025-04-27T18:31:23","guid":{"rendered":"https:\/\/amixadvertising.com\/product\/arabische-sonnenblende\/"},"modified":"2025-04-27T21:31:23","modified_gmt":"2025-04-27T18:31:23","slug":"arabische-sonnenblende","status":"publish","type":"product","link":"https:\/\/amixadvertising.com\/de\/product\/arabische-sonnenblende\/","title":{"rendered":"Arabische Sonnenblende"},"content":{"rendered":"<p>Arabische Sonnenblende<br \/>\nProduktbeschreibung: Arabische Sonnenblende zum Schutz vor der Sonne<br \/>\nVollst\u00e4ndiger Sonnenschutz mit Amix:<br \/>\nDie arabische Sonnenblende ist die ideale Wahl, um den Innenraum Ihres Autos vor sch\u00e4dlichen Sonnenstrahlen und hohen Temperaturen zu sch\u00fctzen.<br \/>\nIhr einzigartiges Design sorgt f\u00fcr eine vollst\u00e4ndige Abdeckung und tr\u00e4gt so dazu bei, eine angenehme Temperatur im Fahrzeuginneren aufrechtzuerhalten.<br \/>\nEinfache Installation und Verwendung:<br \/>\nDiese Sonnenblende ist benutzerfreundlich konzipiert, sodass Sie sie \u00f6ffnen und in Sekundenschnelle an der Windschutzscheibe Ihres Autos befestigen k\u00f6nnen.<br \/>\nMit ihrem intelligenten Design bietet sie auch bei st\u00fcrmischen Bedingungen einen sicheren und stabilen Halt.<br \/>\nFaltbar und platzsparend:<br \/>\nDie arabische Sonnenblende zeichnet sich dadurch aus, dass sie faltbar ist, um kompakt und einfach zu verstauen zu sein.<br \/>\nSie k\u00f6nnen sie im Handschuhfach oder in der Mittelkonsole verstauen, wodurch Sie jederzeit sofortigen Sonnenschutz haben.<br \/>\nHergestellt aus hochwertigen Materialien:<br \/>\nDiese Sonnenblende wurde aus strapazierf\u00e4higen und UV-best\u00e4ndigen Materialien hergestellt,<br \/>\nwodurch sie der st\u00e4ndigen Sonneneinstrahlung standh\u00e4lt. Ihre robuste Struktur garantiert Ihnen eine jahrelange Nutzung ohne Abnutzung.<br \/>\nPassendes Design f\u00fcr verschiedene Autos:<br \/>\nDie arabische Sonnenblende passt f\u00fcr die meisten Autos, SUVs und LKWs.          Das bedeutet, dass Sie<br \/>\nkeine Schwierigkeiten haben werden, die passende Sonnenblende f\u00fcr Ihr Auto zu finden, da sie so konzipiert ist, dass sie Ihren Bed\u00fcrfnissen entspricht.<br \/>\nMehrfache Nutzung zu verschiedenen Jahreszeiten:<br \/>\nZus\u00e4tzlich zu ihrer F\u00e4higkeit, die Sonnenstrahlen im Sommer abzuhalten, wirkt die Sonnenblende auch als Barriere gegen<br \/>\nwinterliche Bedingungen. Sie verhindert die Ansammlung von Frost und Schnee auf der Windschutzscheibe, was Ihren Morgen einfacher und leichter macht.<br \/>\nIhre Wahl der arabischen Sonnenblende ist der ideale Schritt, um Ihr Auto in bestem Zustand zu halten, was Ihnen<br \/>\nein komfortables und sicheres Fahren garantiert, sei es an hei\u00dfen Sommertagen oder im Winter.<br \/>\nSie k\u00f6nnen unsere neuesten Nachrichten und Arbeiten \u00fcber Facebook verfolgen<br \/>\noder Sie k\u00f6nnen uns kontaktieren \u00fcber  <\/p>\n<p>Verkauf: +201156158910<br \/>\nKundendienst: +201156158910  <\/p>\n<p>&nbsp;<br \/>\n&nbsp;<\/p>\n","protected":false},"excerpt":{"rendered":"<p>Arabische Sonnenblende<\/p>\n","protected":false},"featured_media":11887,"comment_status":"open","ping_status":"closed","template":"","meta":{"_acf_changed":false},"product_brand":[],"product_cat":[55],"product_tag":[],"class_list":{"0":"post-11886","1":"product","2":"type-product","3":"status-publish","4":"has-post-thumbnail","6":"product_cat-corporate-gifts","8":"first","9":"instock","10":"shipping-taxable","11":"product-type-simple"},"exclude_global_add_ons":false,"addons":[{"name":"\u0623\u0643\u062a\u0628 \u0645\u0644\u0627\u062d\u0638\u0627\u062a\u0643 \u0645\u0639 \u0627\u0644\u0637\u0644\u0628","type":"custom_textarea","position":0,"required":false,"title_format":"label","default":"","description_enable":true,"description":"\u062d\u062f \u0627\u0642\u0635\u064a 400 \u062d\u0631\u0641","placeholder_enable":false,"placeholder":"","display":"select","restrictions_type":"any_text","adjust_price":false,"price":"","price_type":"flat_fee","restrictions":true,"min":"0","max":"400","options":[],"id":1745795356},{"name":"\u0647\u0644 \u064a\u0648\u062c\u062f \u0644\u062f\u064a\u0643 \u062a\u0635\u0645\u064a\u0645 (\u0627\u0631\u0641\u0639 \u062a\u0635\u0645\u064a\u0645)","type":"file_upload","position":1,"required":false,"title_format":"label","default":"","description_enable":false,"description":"","placeholder_enable":false,"placeholder":"","display":"select","restrictions_type":"any_text","adjust_price":false,"price":"","price_type":"flat_fee","restrictions":false,"min":"0","max":"0","options":[],"id":1745795357}],"acf":[],"_links":{"self":[{"href":"https:\/\/amixadvertising.com\/de\/wp-json\/wp\/v2\/product\/11886","targetHints":{"allow":["GET"]}}],"collection":[{"href":"https:\/\/amixadvertising.com\/de\/wp-json\/wp\/v2\/product"}],"about":[{"href":"https:\/\/amixadvertising.com\/de\/wp-json\/wp\/v2\/types\/product"}],"replies":[{"embeddable":true,"href":"https:\/\/amixadvertising.com\/de\/wp-json\/wp\/v2\/comments?post=11886"}],"wp:featuredmedia":[{"embeddable":true,"href":"https:\/\/amixadvertising.com\/de\/wp-json\/wp\/v2\/media\/11887"}],"wp:attachment":[{"href":"https:\/\/amixadvertising.com\/de\/wp-json\/wp\/v2\/media?parent=11886"}],"wp:term":[{"taxonomy":"product_brand","embeddable":true,"href":"https:\/\/amixadvertising.com\/de\/wp-json\/wp\/v2\/product_brand?post=11886"},{"taxonomy":"product_cat","embeddable":true,"href":"https:\/\/amixadvertising.com\/de\/wp-json\/wp\/v2\/product_cat?post=11886"},{"taxonomy":"product_tag","embeddable":true,"href":"https:\/\/amixadvertising.com\/de\/wp-json\/wp\/v2\/product_tag?post=11886"}],"curies":[{"name":"wp","href":"https:\/\/api.w.org\/{rel}","templated":true}]}}