{"id":11884,"date":"2025-04-27T21:31:23","date_gmt":"2025-04-27T18:31:23","guid":{"rendered":"https:\/\/amixadvertising.com\/product\/thermobecher\/"},"modified":"2025-04-27T21:31:23","modified_gmt":"2025-04-27T18:31:23","slug":"thermobecher","status":"publish","type":"product","link":"https:\/\/amixadvertising.com\/de\/product\/thermobecher\/","title":{"rendered":"Thermobecher"},"content":{"rendered":"<p>Der Thermobecher von Amix ist die beste Wahl f\u00fcr Sie.<br \/>\nWir haben die besten Materialien und eine gro\u00dfe Auswahl f\u00fcr jeden Geschmack.<br \/>\nWenn Sie es eilig haben, f\u00e4llt es Ihnen schwer, Ihr Lieblingsgetr\u00e4nk unterwegs zu genie\u00dfen.<br \/>\nHerk\u00f6mmliche Becher k\u00f6nnen zum Auslaufen von Fl\u00fcssigkeiten f\u00fchren, was zu Unordnung und Sorgen f\u00fchrt. Au\u00dferdem k\u00f6nnen Fl\u00fcssigkeiten schnell abk\u00fchlen, was das Trinkerlebnis unangenehm macht.<br \/>\nDank des innovativen Thermobechers k\u00f6nnen Sie Ihre Hei\u00dfgetr\u00e4nke den ganzen Tag \u00fcber genie\u00dfen, ohne sich Gedanken \u00fcber Auslaufen oder Abk\u00fchlen machen zu m\u00fcssen. Mit einem auslaufsicheren Deckel und einer hervorragenden W\u00e4rmeisolierung vereint dieser Becher Komfort und Effizienz und ist somit der ideale Begleiter f\u00fcr alle Gelegenheiten!<br \/>\nDeshalb bieten wir Ihnen einen Thermobecher<br \/>\nmit auslaufsicherem Deckel (im geschlossenen Zustand) f\u00fcr Komfort unterwegs. F\u00fcr eine lange Nutzungsdauer: Die doppelwandige W\u00e4rmeisolierung aus Edelstahl h\u00e4lt Fl\u00fcssigkeiten zwischen 7 und 18 Stunden hei\u00df. Einhandbedienung: Trinken mit einer Hand ist m\u00f6glich, ohne dass Deckel oder Kappen entfernt oder verlegt werden m\u00fcssen. Perfekte Passform: Der wiederverwendbare Reisebecher passt in die meisten Getr\u00e4nkehalter im Auto und in die meisten Einzelportions-Kaffeemaschinen. Einfache Reinigung: Deckel sp\u00fclmaschinenfest im oberen Fach, Geh\u00e4use von Hand sp\u00fclen.             <\/p>\n<p>Besonderer Thermobecher:<br \/>\nGenie\u00dfen Sie ein einzigartiges Trinkerlebnis mit dem Thermobecher mit Vakuumisolierung von Amix, der entwickelt wurde, um die Temperatur von Getr\u00e4nken so lange wie m\u00f6glich zu halten. Dank seiner einzigartigen Innovation kann er Fl\u00fcssigkeiten bis zu 12 Stunden hei\u00df und bis zu 24 Stunden kalt halten, was ihn zur idealen Wahl f\u00fcr Kaffee-, Tee- und Saftliebhaber macht.<br \/>\nDer Becher ist aus robustem Edelstahl gefertigt, was seine Haltbarkeit und lange Lebensdauer gew\u00e4hrleistet. Der Becher zeichnet sich dadurch aus, dass er keine W\u00e4rme an die Au\u00dfenfl\u00e4che abgibt, wodurch er sich auch bei hei\u00dfen Fl\u00fcssigkeiten k\u00fchl anf\u00fchlt und bei der Verwendung von kalten Getr\u00e4nken schwei\u00dfresistent ist. Dieses Erlebnis wird durch einen auslaufsicheren Deckel erg\u00e4nzt, der sich durch Dr\u00fccken einer Taste einfach mit einer Hand \u00f6ffnen l\u00e4sst, was Ihnen Komfort unterwegs bietet.<br \/>\nUnd im fest verschlossenen Zustand garantiert er Ihnen die sichere und auslaufsichere Aufbewahrung von Getr\u00e4nken. Der Thermobecher ist ideal f\u00fcr den t\u00e4glichen Gebrauch konzipiert, da die doppelwandige W\u00e4rmeisolierung aus Stahl f\u00fcr mehr Leistung sorgt und die Getr\u00e4nke bis zu 18 Stunden lang warm h\u00e4lt. Diese gro\u00dfartige Erg\u00e4nzung bietet Ihnen eine einfache Bedienung, da Sie mit einer Hand trinken k\u00f6nnen, ohne Deckel oder Trennw\u00e4nde entfernen zu m\u00fcssen.<br \/>\nAu\u00dferdem passt er perfekt in die meisten Getr\u00e4nkehalter im Auto und in Einzelportions-Kaffeemaschinen, was ihn zu einer gro\u00dfartigen Erg\u00e4nzung f\u00fcr Ihren Alltag macht. F\u00fcr zus\u00e4tzlichen Komfort kann der Deckel sicher im oberen Fach der Sp\u00fclmaschine gereinigt werden, w\u00e4hrend das Geh\u00e4use einfach von Hand gereinigt werden kann. Ihre Wahl f\u00fcr den Thermobecher ist eine Wahl f\u00fcr Komfort und Leistung, die Ihnen garantiert, Ihre Lieblingsgetr\u00e4nke jederzeit und \u00fcberall zu genie\u00dfen!<br \/>\nSie k\u00f6nnen unsere neuesten Nachrichten und Arbeiten \u00fcber Facebook verfolgen.<br \/>\nOder Sie k\u00f6nnen uns \u00fcber kontaktieren<\/p>\n<p>Verkauf: +201156158910<br \/>\nKundendienst: +201156158910  <\/p>\n<p>&nbsp;<\/p>\n","protected":false},"excerpt":{"rendered":"<p>Der Thermobecher von Amix ist die beste Wahl f\u00fcr Sie.<br \/>\nWir haben die besten Materialien und eine gro\u00dfe Auswahl f\u00fcr jeden Geschmack.<br \/>\nSie k\u00f6nnen ihn auch durch Bedrucken mit Ihrem Firmenlogo oder Lasergravur personalisieren, was eine besondere pers\u00f6nliche Note verleiht, die die Identit\u00e4t Ihrer Marke widerspiegelt <\/p>\n","protected":false},"featured_media":0,"comment_status":"open","ping_status":"closed","template":"","meta":{"_acf_changed":false},"product_brand":[],"product_cat":[55],"product_tag":[],"class_list":{"0":"post-11884","1":"product","2":"type-product","3":"status-publish","5":"product_cat-corporate-gifts","7":"first","8":"instock","9":"shipping-taxable","10":"product-type-variable"},"exclude_global_add_ons":false,"addons":[{"name":"\u0623\u0643\u062a\u0628 \u0645\u0644\u0627\u062d\u0638\u0627\u062a\u0643 \u0645\u0639 \u0627\u0644\u0637\u0644\u0628","type":"custom_textarea","position":0,"required":false,"title_format":"label","default":"","description_enable":true,"description":"\u062d\u062f \u0627\u0642\u0635\u064a 400 \u062d\u0631\u0641","placeholder_enable":false,"placeholder":"","display":"select","restrictions_type":"any_text","adjust_price":false,"price":"","price_type":"flat_fee","restrictions":true,"min":"0","max":"400","options":[],"id":1745795356},{"name":"\u0647\u0644 \u064a\u0648\u062c\u062f \u0644\u062f\u064a\u0643 \u062a\u0635\u0645\u064a\u0645 (\u0627\u0631\u0641\u0639 \u062a\u0635\u0645\u064a\u0645)","type":"file_upload","position":1,"required":false,"title_format":"label","default":"","description_enable":false,"description":"","placeholder_enable":false,"placeholder":"","display":"select","restrictions_type":"any_text","adjust_price":false,"price":"","price_type":"flat_fee","restrictions":false,"min":"0","max":"0","options":[],"id":1745795357}],"acf":[],"_links":{"self":[{"href":"https:\/\/amixadvertising.com\/de\/wp-json\/wp\/v2\/product\/11884","targetHints":{"allow":["GET"]}}],"collection":[{"href":"https:\/\/amixadvertising.com\/de\/wp-json\/wp\/v2\/product"}],"about":[{"href":"https:\/\/amixadvertising.com\/de\/wp-json\/wp\/v2\/types\/product"}],"replies":[{"embeddable":true,"href":"https:\/\/amixadvertising.com\/de\/wp-json\/wp\/v2\/comments?post=11884"}],"wp:attachment":[{"href":"https:\/\/amixadvertising.com\/de\/wp-json\/wp\/v2\/media?parent=11884"}],"wp:term":[{"taxonomy":"product_brand","embeddable":true,"href":"https:\/\/amixadvertising.com\/de\/wp-json\/wp\/v2\/product_brand?post=11884"},{"taxonomy":"product_cat","embeddable":true,"href":"https:\/\/amixadvertising.com\/de\/wp-json\/wp\/v2\/product_cat?post=11884"},{"taxonomy":"product_tag","embeddable":true,"href":"https:\/\/amixadvertising.com\/de\/wp-json\/wp\/v2\/product_tag?post=11884"}],"curies":[{"name":"wp","href":"https:\/\/api.w.org\/{rel}","templated":true}]}}