{"id":11882,"date":"2025-04-27T21:31:04","date_gmt":"2025-04-27T18:31:04","guid":{"rendered":"https:\/\/amixadvertising.com\/product\/gestaltung-der-corporate-identity\/"},"modified":"2025-04-27T21:31:04","modified_gmt":"2025-04-27T18:31:04","slug":"gestaltung-der-corporate-identity","status":"publish","type":"product","link":"https:\/\/amixadvertising.com\/de\/product\/gestaltung-der-corporate-identity\/","title":{"rendered":"Gestaltung der Corporate Identity"},"content":{"rendered":"<p>Gestaltung der Corporate Identity<br \/>\nDie Corporate Identity ist eines der wichtigsten Elemente f\u00fcr ein erfolgreiches Marketing Ihrer Produkte oder Dienstleistungen. Gestalten Sie eine einzigartige und moderne Corporate Identity f\u00fcr Ihr Unternehmen, die Ihre Gesch\u00e4ftst\u00e4tigkeit auf attraktive und unverwechselbare Weise widerspiegelt, um das Interesse Ihres Publikums an der Nutzung Ihres Produkts zu steigern.<br \/>\nWir von Amix legen Wert auf die Gestaltung einer unverwechselbaren Corporate Identity zu wettbewerbsf\u00e4higen Preisen. Kontaktieren Sie uns jetzt, um mehr zu erfahren.<br \/>\nSie k\u00f6nnen unsere neuesten Nachrichten und Arbeiten \u00fcber Facebook verfolgen<br \/>\noder Sie k\u00f6nnen uns kontaktieren \u00fcber  <\/p>\n<p>Verkauf: +201156158910<br \/>\nKundendienst: +201156158910  <\/p>\n","protected":false},"excerpt":{"rendered":"<p>Gestaltung der Corporate Identity<br \/>\nSie haben ein tolles Produkt oder eine besondere Dienstleistung, aber Ihre Corporate Identity ist schwach und unauff\u00e4llig.<br \/>\nDas bedeutet, dass es Ihnen an Differenzierung gegen\u00fcber Ihren Mitbewerbern mangelt, was es Kunden erschwert, sich an Sie zu erinnern und Sie anderen vorzuziehen.<br \/>\nMit unseren Dienstleistungen zur Gestaltung der Corporate Identity helfen wir Ihnen, eine einzigartige und attraktive Marke zu schaffen, die Ihre Gesch\u00e4ftst\u00e4tigkeit widerspiegelt, das Interesse Ihres Publikums steigert und Ihre Erfolgschancen auf dem Markt erh\u00f6ht.   <\/p>\n","protected":false},"featured_media":0,"comment_status":"open","ping_status":"closed","template":"","meta":{"_acf_changed":false},"product_brand":[],"product_cat":[107],"product_tag":[],"class_list":{"0":"post-11882","1":"product","2":"type-product","3":"status-publish","5":"product_cat-107","7":"first","8":"instock","9":"shipping-taxable","10":"product-type-variable"},"exclude_global_add_ons":false,"addons":[{"name":"\u0623\u0643\u062a\u0628 \u0645\u0644\u0627\u062d\u0638\u0627\u062a\u0643 \u0645\u0639 \u0627\u0644\u0637\u0644\u0628","type":"custom_textarea","position":0,"required":false,"title_format":"label","default":"","description_enable":true,"description":"\u062d\u062f \u0627\u0642\u0635\u064a 400 \u062d\u0631\u0641","placeholder_enable":false,"placeholder":"","display":"select","restrictions_type":"any_text","adjust_price":false,"price":"","price_type":"flat_fee","restrictions":true,"min":"0","max":"400","options":[],"id":1745795356},{"name":"\u0647\u0644 \u064a\u0648\u062c\u062f \u0644\u062f\u064a\u0643 \u062a\u0635\u0645\u064a\u0645 (\u0627\u0631\u0641\u0639 \u062a\u0635\u0645\u064a\u0645)","type":"file_upload","position":1,"required":false,"title_format":"label","default":"","description_enable":false,"description":"","placeholder_enable":false,"placeholder":"","display":"select","restrictions_type":"any_text","adjust_price":false,"price":"","price_type":"flat_fee","restrictions":false,"min":"0","max":"0","options":[],"id":1745795357}],"acf":[],"_links":{"self":[{"href":"https:\/\/amixadvertising.com\/de\/wp-json\/wp\/v2\/product\/11882","targetHints":{"allow":["GET"]}}],"collection":[{"href":"https:\/\/amixadvertising.com\/de\/wp-json\/wp\/v2\/product"}],"about":[{"href":"https:\/\/amixadvertising.com\/de\/wp-json\/wp\/v2\/types\/product"}],"replies":[{"embeddable":true,"href":"https:\/\/amixadvertising.com\/de\/wp-json\/wp\/v2\/comments?post=11882"}],"wp:attachment":[{"href":"https:\/\/amixadvertising.com\/de\/wp-json\/wp\/v2\/media?parent=11882"}],"wp:term":[{"taxonomy":"product_brand","embeddable":true,"href":"https:\/\/amixadvertising.com\/de\/wp-json\/wp\/v2\/product_brand?post=11882"},{"taxonomy":"product_cat","embeddable":true,"href":"https:\/\/amixadvertising.com\/de\/wp-json\/wp\/v2\/product_cat?post=11882"},{"taxonomy":"product_tag","embeddable":true,"href":"https:\/\/amixadvertising.com\/de\/wp-json\/wp\/v2\/product_tag?post=11882"}],"curies":[{"name":"wp","href":"https:\/\/api.w.org\/{rel}","templated":true}]}}