{"id":11880,"date":"2025-04-27T21:31:03","date_gmt":"2025-04-27T18:31:03","guid":{"rendered":"https:\/\/amixadvertising.com\/product\/google-my-business\/"},"modified":"2025-04-27T21:31:03","modified_gmt":"2025-04-27T18:31:03","slug":"google-my-business","status":"publish","type":"product","link":"https:\/\/amixadvertising.com\/de\/product\/google-my-business\/","title":{"rendered":"Google My Business"},"content":{"rendered":"<p>Mit Google My Business k\u00f6nnen Sie<br \/>\ndas Beste, was Ihr Unternehmen zu bieten hat, mit Amix pr\u00e4sentieren.<br \/>\nSie k\u00f6nnen mehr Kunden mit einfachen Schritten \u00fcber Ihr Unternehmensprofil erreichen.<br \/>\nFinden Sie heraus, welche Keywords Nutzer verwenden, um nach Ihrem Unternehmen zu suchen, und erhalten Sie Statistiken \u00fcber Anrufe, Rezensionen, Buchungen und mehr, um zu verstehen, wie gut Ihr Unternehmen Kunden anzieht.<br \/>\nOb Restaurant, Gesch\u00e4ft oder Dienstleister, Ihr Unternehmensprofil hilft Kunden, auf einfache und direkte Weise mit Ihrem Unternehmen zu interagieren, indem sie Speisekarten einsehen und Kostenvoranschl\u00e4ge anfordern.<br \/>\n&nbsp;<br \/>\nErstellen Sie ein Unternehmensprofil oder verwalten Sie ein bestehendes Unternehmensprofil in der Google-Suche und auf Google Maps.<\/p>\n<p>F\u00fcgen Sie \u00d6ffnungszeiten, Fotos und andere Details hinzu und helfen Sie Ihrem Unternehmen, f\u00fcr Kunden in der N\u00e4he sichtbar zu werden.<\/p>\n<p>Teilen Sie die neuesten Nachrichten, beantworten Sie Rezensionen und interagieren Sie mit Kunden auf Google.<\/p>\n<p>Sie k\u00f6nnen unsere neuesten Nachrichten und Arbeiten \u00fcber Facebook verfolgen<br \/>\noder Sie k\u00f6nnen uns kontaktieren \u00fcber<\/p>\n<p>Verkauf: +201156158910<br \/>\nKundendienst: +201156158910  <\/p>\n","protected":false},"excerpt":{"rendered":"<p>Mit Google My Business k\u00f6nnen Sie das Beste, was Ihr Unternehmen zu bieten hat, mit Amix pr\u00e4sentieren. Sie k\u00f6nnen mehr Kunden mit einfachen Schritten \u00fcber Ihr Unternehmensprofil erreichen. Finden Sie heraus, welche Keywords Nutzer verwenden, um nach Ihrem Unternehmen zu suchen, und erhalten Sie Statistiken \u00fcber Anrufe, Rezensionen, Buchungen und mehr, um zu verstehen, wie [&hellip;]<\/p>\n","protected":false},"featured_media":0,"comment_status":"open","ping_status":"closed","template":"","meta":{"_acf_changed":false},"product_brand":[],"product_cat":[106],"product_tag":[],"class_list":{"0":"post-11880","1":"product","2":"type-product","3":"status-publish","5":"product_cat-106","7":"first","8":"instock","9":"shipping-taxable","10":"product-type-simple"},"exclude_global_add_ons":false,"addons":[{"name":"\u0623\u0643\u062a\u0628 \u0645\u0644\u0627\u062d\u0638\u0627\u062a\u0643 \u0645\u0639 \u0627\u0644\u0637\u0644\u0628","type":"custom_textarea","position":0,"required":false,"title_format":"label","default":"","description_enable":true,"description":"\u062d\u062f \u0627\u0642\u0635\u064a 400 \u062d\u0631\u0641","placeholder_enable":false,"placeholder":"","display":"select","restrictions_type":"any_text","adjust_price":false,"price":"","price_type":"flat_fee","restrictions":true,"min":"0","max":"400","options":[],"id":1745795356},{"name":"\u0647\u0644 \u064a\u0648\u062c\u062f \u0644\u062f\u064a\u0643 \u062a\u0635\u0645\u064a\u0645 (\u0627\u0631\u0641\u0639 \u062a\u0635\u0645\u064a\u0645)","type":"file_upload","position":1,"required":false,"title_format":"label","default":"","description_enable":false,"description":"","placeholder_enable":false,"placeholder":"","display":"select","restrictions_type":"any_text","adjust_price":false,"price":"","price_type":"flat_fee","restrictions":false,"min":"0","max":"0","options":[],"id":1745795357}],"acf":[],"_links":{"self":[{"href":"https:\/\/amixadvertising.com\/de\/wp-json\/wp\/v2\/product\/11880","targetHints":{"allow":["GET"]}}],"collection":[{"href":"https:\/\/amixadvertising.com\/de\/wp-json\/wp\/v2\/product"}],"about":[{"href":"https:\/\/amixadvertising.com\/de\/wp-json\/wp\/v2\/types\/product"}],"replies":[{"embeddable":true,"href":"https:\/\/amixadvertising.com\/de\/wp-json\/wp\/v2\/comments?post=11880"}],"wp:attachment":[{"href":"https:\/\/amixadvertising.com\/de\/wp-json\/wp\/v2\/media?parent=11880"}],"wp:term":[{"taxonomy":"product_brand","embeddable":true,"href":"https:\/\/amixadvertising.com\/de\/wp-json\/wp\/v2\/product_brand?post=11880"},{"taxonomy":"product_cat","embeddable":true,"href":"https:\/\/amixadvertising.com\/de\/wp-json\/wp\/v2\/product_cat?post=11880"},{"taxonomy":"product_tag","embeddable":true,"href":"https:\/\/amixadvertising.com\/de\/wp-json\/wp\/v2\/product_tag?post=11880"}],"curies":[{"name":"wp","href":"https:\/\/api.w.org\/{rel}","templated":true}]}}