{"id":11874,"date":"2025-04-27T21:30:36","date_gmt":"2025-04-27T18:30:36","guid":{"rendered":"https:\/\/amixadvertising.com\/product\/snapchat-anzeige\/"},"modified":"2025-04-27T21:30:36","modified_gmt":"2025-04-27T18:30:36","slug":"snapchat-anzeige","status":"publish","type":"product","link":"https:\/\/amixadvertising.com\/de\/product\/snapchat-anzeige\/","title":{"rendered":"Snapchat-Anzeige"},"content":{"rendered":"<p>Snapchat hat sich zu einer der wichtigsten und f\u00fchrenden Social-Media-Anwendungen entwickelt, die f\u00fcr Android- und Apple-Telefone verf\u00fcgbar ist. Snapchat gilt als die beste M\u00f6glichkeit, mit dem Publikum in Kontakt zu treten, da es ihm erm\u00f6glicht, Sie mit einem Klick zu kontaktieren und alle inspirierenden Momente und besonderen Anzeigen Ihres Unternehmens zu sehen.<br \/>\nWir von Amix entwerfen Anzeigen auf Snapchat, die Ihnen helfen, ein m\u00f6glichst gro\u00dfes Publikum zu erreichen.<br \/>\nWir helfen Ihnen, Ihr Gesch\u00e4ft auszubauen und die besten Werbeergebnisse zu erzielen.<br \/>\nUm die besten Werbeergebnisse zu erzielen, kontaktieren Sie uns jetzt, um mehr zu erfahren!<br \/>\nSie k\u00f6nnen unsere neuesten Nachrichten und Arbeiten \u00fcber Facebook verfolgen<br \/>\noder Sie k\u00f6nnen uns kontaktieren \u00fcber  <\/p>\n<p>Verkauf: +201156158910<br \/>\nKundendienst: +201156158910  <\/p>\n","protected":false},"excerpt":{"rendered":"<p>Snapchat-Anzeige<\/p>\n","protected":false},"featured_media":11875,"comment_status":"open","ping_status":"closed","template":"","meta":{"_acf_changed":false},"product_brand":[],"product_cat":[104,105],"product_tag":[],"class_list":{"0":"post-11874","1":"product","2":"type-product","3":"status-publish","4":"has-post-thumbnail","6":"product_cat-104","7":"product_cat-105","9":"first","10":"instock","11":"shipping-taxable","12":"product-type-simple"},"exclude_global_add_ons":false,"addons":[{"name":"\u0623\u0643\u062a\u0628 \u0645\u0644\u0627\u062d\u0638\u0627\u062a\u0643 \u0645\u0639 \u0627\u0644\u0637\u0644\u0628","type":"custom_textarea","position":0,"required":false,"title_format":"label","default":"","description_enable":true,"description":"\u062d\u062f \u0627\u0642\u0635\u064a 400 \u062d\u0631\u0641","placeholder_enable":false,"placeholder":"","display":"select","restrictions_type":"any_text","adjust_price":false,"price":"","price_type":"flat_fee","restrictions":true,"min":"0","max":"400","options":[],"id":1745795356},{"name":"\u0647\u0644 \u064a\u0648\u062c\u062f \u0644\u062f\u064a\u0643 \u062a\u0635\u0645\u064a\u0645 (\u0627\u0631\u0641\u0639 \u062a\u0635\u0645\u064a\u0645)","type":"file_upload","position":1,"required":false,"title_format":"label","default":"","description_enable":false,"description":"","placeholder_enable":false,"placeholder":"","display":"select","restrictions_type":"any_text","adjust_price":false,"price":"","price_type":"flat_fee","restrictions":false,"min":"0","max":"0","options":[],"id":1745795357}],"acf":[],"_links":{"self":[{"href":"https:\/\/amixadvertising.com\/de\/wp-json\/wp\/v2\/product\/11874","targetHints":{"allow":["GET"]}}],"collection":[{"href":"https:\/\/amixadvertising.com\/de\/wp-json\/wp\/v2\/product"}],"about":[{"href":"https:\/\/amixadvertising.com\/de\/wp-json\/wp\/v2\/types\/product"}],"replies":[{"embeddable":true,"href":"https:\/\/amixadvertising.com\/de\/wp-json\/wp\/v2\/comments?post=11874"}],"wp:featuredmedia":[{"embeddable":true,"href":"https:\/\/amixadvertising.com\/de\/wp-json\/wp\/v2\/media\/11875"}],"wp:attachment":[{"href":"https:\/\/amixadvertising.com\/de\/wp-json\/wp\/v2\/media?parent=11874"}],"wp:term":[{"taxonomy":"product_brand","embeddable":true,"href":"https:\/\/amixadvertising.com\/de\/wp-json\/wp\/v2\/product_brand?post=11874"},{"taxonomy":"product_cat","embeddable":true,"href":"https:\/\/amixadvertising.com\/de\/wp-json\/wp\/v2\/product_cat?post=11874"},{"taxonomy":"product_tag","embeddable":true,"href":"https:\/\/amixadvertising.com\/de\/wp-json\/wp\/v2\/product_tag?post=11874"}],"curies":[{"name":"wp","href":"https:\/\/api.w.org\/{rel}","templated":true}]}}