{"id":11866,"date":"2025-04-27T21:30:35","date_gmt":"2025-04-27T18:30:35","guid":{"rendered":"https:\/\/amixadvertising.com\/product\/tiktok-anzeigen\/"},"modified":"2025-04-27T21:30:35","modified_gmt":"2025-04-27T18:30:35","slug":"tiktok-anzeigen","status":"publish","type":"product","link":"https:\/\/amixadvertising.com\/de\/product\/tiktok-anzeigen\/","title":{"rendered":"TikTok-Anzeigen"},"content":{"rendered":"<p>TikTok-Anzeigen<br \/>\nDie TikTok-App bietet Unternehmen und Nutzern die M\u00f6glichkeit, zu werben, um in Rekordzeit eine m\u00f6glichst gro\u00dfe Anzahl von Followern zu erreichen! Es ist einfach, den geografischen Standort der Zielgruppe f\u00fcr die Anzeige gesponserter Anzeigen sowie Alter und Interessen zu bestimmen, was dazu beitr\u00e4gt, dass Ihre Anzeige die richtige Kategorie erreicht und die gr\u00f6\u00dfte Anzahl von Kunden anzieht, die Ihre Produkte oder Dienstleistungen w\u00fcnschen<br \/>\nBei Amix entwerfen wir unverwechselbare Anzeigen auf Social-Media-Plattformen, darunter TikTok-Anzeigen, die Ihnen helfen, ein gr\u00f6\u00dferes Publikum zu erreichen und Ihr Gesch\u00e4ft auszubauen und zu entwickeln, um die besten Werbeergebnisse zu erzielen! Kontaktieren Sie uns jetzt, um mehr zu erfahren<br \/>\nSie k\u00f6nnen unsere neuesten Nachrichten und Gesch\u00e4fte \u00fcber Facebook verfolgen<br \/>\nOder Sie k\u00f6nnen uns kontaktieren \u00fcber  <\/p>\n<p>Verkauf: +201156158910<br \/>\nKundendienst: +201156158910  <\/p>\n","protected":false},"excerpt":{"rendered":"<p>TikTok-Anzeigen<\/p>\n","protected":false},"featured_media":11867,"comment_status":"open","ping_status":"closed","template":"","meta":{"_acf_changed":false},"product_brand":[],"product_cat":[104,105],"product_tag":[],"class_list":{"0":"post-11866","1":"product","2":"type-product","3":"status-publish","4":"has-post-thumbnail","6":"product_cat-104","7":"product_cat-105","9":"first","10":"instock","11":"shipping-taxable","12":"product-type-variable"},"exclude_global_add_ons":false,"addons":[{"name":"\u0623\u0643\u062a\u0628 \u0645\u0644\u0627\u062d\u0638\u0627\u062a\u0643 \u0645\u0639 \u0627\u0644\u0637\u0644\u0628","type":"custom_textarea","position":0,"required":false,"title_format":"label","default":"","description_enable":true,"description":"\u062d\u062f \u0627\u0642\u0635\u064a 400 \u062d\u0631\u0641","placeholder_enable":false,"placeholder":"","display":"select","restrictions_type":"any_text","adjust_price":false,"price":"","price_type":"flat_fee","restrictions":true,"min":"0","max":"400","options":[],"id":1745795356},{"name":"\u0647\u0644 \u064a\u0648\u062c\u062f \u0644\u062f\u064a\u0643 \u062a\u0635\u0645\u064a\u0645 (\u0627\u0631\u0641\u0639 \u062a\u0635\u0645\u064a\u0645)","type":"file_upload","position":1,"required":false,"title_format":"label","default":"","description_enable":false,"description":"","placeholder_enable":false,"placeholder":"","display":"select","restrictions_type":"any_text","adjust_price":false,"price":"","price_type":"flat_fee","restrictions":false,"min":"0","max":"0","options":[],"id":1745795357}],"acf":[],"_links":{"self":[{"href":"https:\/\/amixadvertising.com\/de\/wp-json\/wp\/v2\/product\/11866","targetHints":{"allow":["GET"]}}],"collection":[{"href":"https:\/\/amixadvertising.com\/de\/wp-json\/wp\/v2\/product"}],"about":[{"href":"https:\/\/amixadvertising.com\/de\/wp-json\/wp\/v2\/types\/product"}],"replies":[{"embeddable":true,"href":"https:\/\/amixadvertising.com\/de\/wp-json\/wp\/v2\/comments?post=11866"}],"wp:featuredmedia":[{"embeddable":true,"href":"https:\/\/amixadvertising.com\/de\/wp-json\/wp\/v2\/media\/11867"}],"wp:attachment":[{"href":"https:\/\/amixadvertising.com\/de\/wp-json\/wp\/v2\/media?parent=11866"}],"wp:term":[{"taxonomy":"product_brand","embeddable":true,"href":"https:\/\/amixadvertising.com\/de\/wp-json\/wp\/v2\/product_brand?post=11866"},{"taxonomy":"product_cat","embeddable":true,"href":"https:\/\/amixadvertising.com\/de\/wp-json\/wp\/v2\/product_cat?post=11866"},{"taxonomy":"product_tag","embeddable":true,"href":"https:\/\/amixadvertising.com\/de\/wp-json\/wp\/v2\/product_tag?post=11866"}],"curies":[{"name":"wp","href":"https:\/\/api.w.org\/{rel}","templated":true}]}}