{"id":11858,"date":"2025-04-27T19:51:08","date_gmt":"2025-04-27T16:51:08","guid":{"rendered":"https:\/\/amixadvertising.com\/product\/autoaufkleber\/"},"modified":"2025-04-27T19:51:08","modified_gmt":"2025-04-27T16:51:08","slug":"autoaufkleber","status":"publish","type":"product","link":"https:\/\/amixadvertising.com\/de\/product\/autoaufkleber\/","title":{"rendered":"Autoaufkleber"},"content":{"rendered":"<p>Druck von Autoaufklebern<\/p>\n<p>Ein Autoaufkleber ist eine mobile Werbung, die nicht an einen Ort oder eine Region gebunden ist. Er ist nicht nur auf Ihre Marke beschr\u00e4nkt, sondern f\u00fcgt auch Ihre Werbebotschaft hinzu. Dies ist ein sehr schnelles und leistungsstarkes Werbemittel.<br \/>\nAmix Advertising bietet die besten Werbeaufkleber mit einem unverwechselbaren Design und den besten wasser- und sonnenbest\u00e4ndigen Materialien. Eine Schutzschicht gegen Kratzer wird hinzugef\u00fcgt.<br \/>\nBestellen Sie Ihre Werbekampagnenaufkleber zu den besten Preisen!<\/p>\n","protected":false},"excerpt":{"rendered":"<p>Der Aufkleber ist in jeder Form oder als Logo erh\u00e4ltlich. Der Preis beinhaltet eine Cellophanschicht, um den Aufkleber vor Sonne und Autow\u00e4sche zu sch\u00fctzen. <\/p>\n","protected":false},"featured_media":11859,"comment_status":"open","ping_status":"closed","template":"","meta":{"_acf_changed":false},"product_brand":[],"product_cat":[56,54],"product_tag":[],"class_list":{"0":"post-11858","1":"product","2":"type-product","3":"status-publish","4":"has-post-thumbnail","6":"product_cat-banner","7":"product_cat-printing-products","9":"first","10":"instock","11":"shipping-taxable","12":"product-type-simple"},"exclude_global_add_ons":false,"addons":[{"name":"\u0623\u0643\u062a\u0628 \u0645\u0644\u0627\u062d\u0638\u0627\u062a\u0643 \u0645\u0639 \u0627\u0644\u0637\u0644\u0628","type":"custom_textarea","position":0,"required":false,"title_format":"label","default":"","description_enable":true,"description":"\u062d\u062f \u0627\u0642\u0635\u064a 400 \u062d\u0631\u0641","placeholder_enable":false,"placeholder":"","display":"select","restrictions_type":"any_text","adjust_price":false,"price":"","price_type":"flat_fee","restrictions":true,"min":"0","max":"400","options":[],"id":1745795356},{"name":"\u0647\u0644 \u064a\u0648\u062c\u062f \u0644\u062f\u064a\u0643 \u062a\u0635\u0645\u064a\u0645 (\u0627\u0631\u0641\u0639 \u062a\u0635\u0645\u064a\u0645)","type":"file_upload","position":1,"required":false,"title_format":"label","default":"","description_enable":false,"description":"","placeholder_enable":false,"placeholder":"","display":"select","restrictions_type":"any_text","adjust_price":false,"price":"","price_type":"flat_fee","restrictions":false,"min":"0","max":"0","options":[],"id":1745795357}],"acf":[],"_links":{"self":[{"href":"https:\/\/amixadvertising.com\/de\/wp-json\/wp\/v2\/product\/11858","targetHints":{"allow":["GET"]}}],"collection":[{"href":"https:\/\/amixadvertising.com\/de\/wp-json\/wp\/v2\/product"}],"about":[{"href":"https:\/\/amixadvertising.com\/de\/wp-json\/wp\/v2\/types\/product"}],"replies":[{"embeddable":true,"href":"https:\/\/amixadvertising.com\/de\/wp-json\/wp\/v2\/comments?post=11858"}],"wp:featuredmedia":[{"embeddable":true,"href":"https:\/\/amixadvertising.com\/de\/wp-json\/wp\/v2\/media\/11859"}],"wp:attachment":[{"href":"https:\/\/amixadvertising.com\/de\/wp-json\/wp\/v2\/media?parent=11858"}],"wp:term":[{"taxonomy":"product_brand","embeddable":true,"href":"https:\/\/amixadvertising.com\/de\/wp-json\/wp\/v2\/product_brand?post=11858"},{"taxonomy":"product_cat","embeddable":true,"href":"https:\/\/amixadvertising.com\/de\/wp-json\/wp\/v2\/product_cat?post=11858"},{"taxonomy":"product_tag","embeddable":true,"href":"https:\/\/amixadvertising.com\/de\/wp-json\/wp\/v2\/product_tag?post=11858"}],"curies":[{"name":"wp","href":"https:\/\/api.w.org\/{rel}","templated":true}]}}