{"id":11854,"date":"2025-04-27T19:51:08","date_gmt":"2025-04-27T16:51:08","guid":{"rendered":"https:\/\/amixadvertising.com\/product\/reflektierendes-banner\/"},"modified":"2025-04-27T19:51:08","modified_gmt":"2025-04-27T16:51:08","slug":"reflektierendes-banner","status":"publish","type":"product","link":"https:\/\/amixadvertising.com\/de\/product\/reflektierendes-banner\/","title":{"rendered":"Reflektierendes Banner"},"content":{"rendered":"<p>Druck von reflektierenden Bannern<\/p>\n<p>Der Druck von reflektierenden Bannern ist ein spezieller Druck f\u00fcr Stra\u00dfenbanner, die f\u00fcr Werbezwecke verwendet werden. Er unterscheidet sich von normalen Bannern dadurch, dass er das Licht reflektiert und Zellen enth\u00e4lt, die das einfallende Licht reflektieren, sodass es beleuchtet erscheint.<br \/>\nEs wird aus Tinten und Materialien hergestellt, die speziell daf\u00fcr ausgelegt sind, schwierigen Wetterbedingungen wie Hitze, K\u00e4lte und Wind standzuhalten. Amix Advertising bietet Ihnen die besten Druckmaterialien und Tinten, um eine hohe Farbintensit\u00e4t und Klarheit zu gew\u00e4hrleisten. Die Gr\u00f6\u00dfen und Designs der Banner variieren je nach Wahl unserer Kunden. <\/p>\n","protected":false},"excerpt":{"rendered":"<p>Der Preis beinhaltet Design und Druck. Wir bieten verschiedene Gr\u00f6\u00dfen an. <\/p>\n","protected":false},"featured_media":11855,"comment_status":"open","ping_status":"closed","template":"","meta":{"_acf_changed":false},"product_brand":[],"product_cat":[56,54],"product_tag":[],"class_list":{"0":"post-11854","1":"product","2":"type-product","3":"status-publish","4":"has-post-thumbnail","6":"product_cat-banner","7":"product_cat-printing-products","9":"first","10":"instock","11":"shipping-taxable","12":"product-type-simple"},"exclude_global_add_ons":false,"addons":[{"name":"\u0623\u0643\u062a\u0628 \u0645\u0644\u0627\u062d\u0638\u0627\u062a\u0643 \u0645\u0639 \u0627\u0644\u0637\u0644\u0628","type":"custom_textarea","position":0,"required":false,"title_format":"label","default":"","description_enable":true,"description":"\u062d\u062f \u0627\u0642\u0635\u064a 400 \u062d\u0631\u0641","placeholder_enable":false,"placeholder":"","display":"select","restrictions_type":"any_text","adjust_price":false,"price":"","price_type":"flat_fee","restrictions":true,"min":"0","max":"400","options":[],"id":1745795356},{"name":"\u0647\u0644 \u064a\u0648\u062c\u062f \u0644\u062f\u064a\u0643 \u062a\u0635\u0645\u064a\u0645 (\u0627\u0631\u0641\u0639 \u062a\u0635\u0645\u064a\u0645)","type":"file_upload","position":1,"required":false,"title_format":"label","default":"","description_enable":false,"description":"","placeholder_enable":false,"placeholder":"","display":"select","restrictions_type":"any_text","adjust_price":false,"price":"","price_type":"flat_fee","restrictions":false,"min":"0","max":"0","options":[],"id":1745795357}],"acf":[],"_links":{"self":[{"href":"https:\/\/amixadvertising.com\/de\/wp-json\/wp\/v2\/product\/11854","targetHints":{"allow":["GET"]}}],"collection":[{"href":"https:\/\/amixadvertising.com\/de\/wp-json\/wp\/v2\/product"}],"about":[{"href":"https:\/\/amixadvertising.com\/de\/wp-json\/wp\/v2\/types\/product"}],"replies":[{"embeddable":true,"href":"https:\/\/amixadvertising.com\/de\/wp-json\/wp\/v2\/comments?post=11854"}],"wp:featuredmedia":[{"embeddable":true,"href":"https:\/\/amixadvertising.com\/de\/wp-json\/wp\/v2\/media\/11855"}],"wp:attachment":[{"href":"https:\/\/amixadvertising.com\/de\/wp-json\/wp\/v2\/media?parent=11854"}],"wp:term":[{"taxonomy":"product_brand","embeddable":true,"href":"https:\/\/amixadvertising.com\/de\/wp-json\/wp\/v2\/product_brand?post=11854"},{"taxonomy":"product_cat","embeddable":true,"href":"https:\/\/amixadvertising.com\/de\/wp-json\/wp\/v2\/product_cat?post=11854"},{"taxonomy":"product_tag","embeddable":true,"href":"https:\/\/amixadvertising.com\/de\/wp-json\/wp\/v2\/product_tag?post=11854"}],"curies":[{"name":"wp","href":"https:\/\/api.w.org\/{rel}","templated":true}]}}