{"id":11840,"date":"2025-04-27T19:51:06","date_gmt":"2025-04-27T16:51:06","guid":{"rendered":"https:\/\/amixadvertising.com\/product\/see-through\/"},"modified":"2025-04-27T19:51:06","modified_gmt":"2025-04-27T16:51:06","slug":"see-through","status":"publish","type":"product","link":"https:\/\/amixadvertising.com\/de\/product\/see-through\/","title":{"rendered":"See-Through"},"content":{"rendered":"<p>See-Through-Druck<\/p>\n<p>Das See-Through-Material gilt als die beste Alternative zu Fensterfolie und hat eine sichtbare Wirkung.<br \/>\nEs besteht aus gelochten Kreisen und ist oft in den Stra\u00dfen auf den Fassaden von Apotheken zu sehen. Man kann es daran erkennen, dass man von innen nach au\u00dfen sehen kann, aber nicht von au\u00dfen nach innen. Amix Advertising druckt See-Through-Material mit hoher Pr\u00e4zision und h\u00f6chster Qualit\u00e4t unter Verwendung der neuesten digitalen Druckmaschinen.<br \/>\n\u2013 Selbstklebendes Material, das auf Glas geklebt wird.<br \/>\n\u2013 Es verdunkelt und verhindert die Sicht von au\u00dfen, w\u00e4hrend die Personen im Inneren andere sehen k\u00f6nnen, im Gegensatz zu Vinyl.<br \/>\n\u2013 Es ist auch so bedruckt, dass es ein gro\u00dfartiges Aussehen f\u00fcr den Betrachter der Fassade ergibt, sei es f\u00fcr ein Gesch\u00e4ft oder anderes.<br \/>\nNutzen Sie die Gelegenheit und kontaktieren Sie uns jetzt, um See-Through in h\u00f6chster Qualit\u00e4t zu erhalten.<\/p>\n","protected":false},"excerpt":{"rendered":"<p>See-Through-Druck und -Installation in allen Gr\u00f6\u00dfen. Der Preis beinhaltet Design und Druck. <\/p>\n","protected":false},"featured_media":0,"comment_status":"open","ping_status":"closed","template":"","meta":{"_acf_changed":false},"product_brand":[],"product_cat":[56],"product_tag":[],"class_list":{"0":"post-11840","1":"product","2":"type-product","3":"status-publish","5":"product_cat-banner","7":"first","8":"instock","9":"shipping-taxable","10":"product-type-simple"},"exclude_global_add_ons":false,"addons":[{"name":"\u0623\u0643\u062a\u0628 \u0645\u0644\u0627\u062d\u0638\u0627\u062a\u0643 \u0645\u0639 \u0627\u0644\u0637\u0644\u0628","type":"custom_textarea","position":0,"required":false,"title_format":"label","default":"","description_enable":true,"description":"\u062d\u062f \u0627\u0642\u0635\u064a 400 \u062d\u0631\u0641","placeholder_enable":false,"placeholder":"","display":"select","restrictions_type":"any_text","adjust_price":false,"price":"","price_type":"flat_fee","restrictions":true,"min":"0","max":"400","options":[],"id":1745795356},{"name":"\u0647\u0644 \u064a\u0648\u062c\u062f \u0644\u062f\u064a\u0643 \u062a\u0635\u0645\u064a\u0645 (\u0627\u0631\u0641\u0639 \u062a\u0635\u0645\u064a\u0645)","type":"file_upload","position":1,"required":false,"title_format":"label","default":"","description_enable":false,"description":"","placeholder_enable":false,"placeholder":"","display":"select","restrictions_type":"any_text","adjust_price":false,"price":"","price_type":"flat_fee","restrictions":false,"min":"0","max":"0","options":[],"id":1745795357}],"acf":[],"_links":{"self":[{"href":"https:\/\/amixadvertising.com\/de\/wp-json\/wp\/v2\/product\/11840","targetHints":{"allow":["GET"]}}],"collection":[{"href":"https:\/\/amixadvertising.com\/de\/wp-json\/wp\/v2\/product"}],"about":[{"href":"https:\/\/amixadvertising.com\/de\/wp-json\/wp\/v2\/types\/product"}],"replies":[{"embeddable":true,"href":"https:\/\/amixadvertising.com\/de\/wp-json\/wp\/v2\/comments?post=11840"}],"wp:attachment":[{"href":"https:\/\/amixadvertising.com\/de\/wp-json\/wp\/v2\/media?parent=11840"}],"wp:term":[{"taxonomy":"product_brand","embeddable":true,"href":"https:\/\/amixadvertising.com\/de\/wp-json\/wp\/v2\/product_brand?post=11840"},{"taxonomy":"product_cat","embeddable":true,"href":"https:\/\/amixadvertising.com\/de\/wp-json\/wp\/v2\/product_cat?post=11840"},{"taxonomy":"product_tag","embeddable":true,"href":"https:\/\/amixadvertising.com\/de\/wp-json\/wp\/v2\/product_tag?post=11840"}],"curies":[{"name":"wp","href":"https:\/\/api.w.org\/{rel}","templated":true}]}}