{"id":11830,"date":"2025-04-27T19:51:05","date_gmt":"2025-04-27T16:51:05","guid":{"rendered":"https:\/\/amixadvertising.com\/product\/banner\/"},"modified":"2025-04-27T19:51:05","modified_gmt":"2025-04-27T16:51:05","slug":"banner","status":"publish","type":"product","link":"https:\/\/amixadvertising.com\/de\/product\/banner\/","title":{"rendered":"Banner"},"content":{"rendered":"<p>Bannerdruck<\/p>\n<p>Bannerdruck ist ein spezieller Druck f\u00fcr Stra\u00dfenschilder, die f\u00fcr Werbe- und Reklamezwecke verwendet werden. Sie werden aus Tinten und Materialien hergestellt, die speziell daf\u00fcr ausgelegt sind, schwierigen Wetterbedingungen wie Hitze, K\u00e4lte und Wind standzuhalten. Amix Advertising bietet Ihnen die besten Druckmaterialien und Tinten, um eine hohe Farbintensit\u00e4t und Klarheit zu gew\u00e4hrleisten. Die Gr\u00f6\u00dfen und Designs der Banner variieren je nach Wahl unserer Kunden von leicht, mittel oder schwer. Der Au\u00dfendruck wird in verschiedenen Druckverfahren eingesetzt: Bannerdruck, Vinyldruck, Flexdruck, Backlight-Druck, Mesh-Druck und See-Through-Druck.<br \/>\nSonderpreise f\u00fcr Mengen und Wahlen verf\u00fcgbar<\/p>\n","protected":false},"excerpt":{"rendered":"<p>Banner in allen Gr\u00f6\u00dfen, leicht, mittel oder schwer. Der Preis beinhaltet Design und Druck. <\/p>\n","protected":false},"featured_media":11831,"comment_status":"open","ping_status":"closed","template":"","meta":{"_acf_changed":false},"product_brand":[],"product_cat":[56],"product_tag":[],"class_list":{"0":"post-11830","1":"product","2":"type-product","3":"status-publish","4":"has-post-thumbnail","6":"product_cat-banner","8":"first","9":"instock","10":"shipping-taxable","11":"product-type-variable"},"exclude_global_add_ons":false,"addons":[{"name":"\u0623\u0643\u062a\u0628 \u0645\u0644\u0627\u062d\u0638\u0627\u062a\u0643 \u0645\u0639 \u0627\u0644\u0637\u0644\u0628","type":"custom_textarea","position":0,"required":false,"title_format":"label","default":"","description_enable":true,"description":"\u062d\u062f \u0627\u0642\u0635\u064a 400 \u062d\u0631\u0641","placeholder_enable":false,"placeholder":"","display":"select","restrictions_type":"any_text","adjust_price":false,"price":"","price_type":"flat_fee","restrictions":true,"min":"0","max":"400","options":[],"id":1745795356},{"name":"\u0647\u0644 \u064a\u0648\u062c\u062f \u0644\u062f\u064a\u0643 \u062a\u0635\u0645\u064a\u0645 (\u0627\u0631\u0641\u0639 \u062a\u0635\u0645\u064a\u0645)","type":"file_upload","position":1,"required":false,"title_format":"label","default":"","description_enable":false,"description":"","placeholder_enable":false,"placeholder":"","display":"select","restrictions_type":"any_text","adjust_price":false,"price":"","price_type":"flat_fee","restrictions":false,"min":"0","max":"0","options":[],"id":1745795357}],"acf":[],"_links":{"self":[{"href":"https:\/\/amixadvertising.com\/de\/wp-json\/wp\/v2\/product\/11830","targetHints":{"allow":["GET"]}}],"collection":[{"href":"https:\/\/amixadvertising.com\/de\/wp-json\/wp\/v2\/product"}],"about":[{"href":"https:\/\/amixadvertising.com\/de\/wp-json\/wp\/v2\/types\/product"}],"replies":[{"embeddable":true,"href":"https:\/\/amixadvertising.com\/de\/wp-json\/wp\/v2\/comments?post=11830"}],"wp:featuredmedia":[{"embeddable":true,"href":"https:\/\/amixadvertising.com\/de\/wp-json\/wp\/v2\/media\/11831"}],"wp:attachment":[{"href":"https:\/\/amixadvertising.com\/de\/wp-json\/wp\/v2\/media?parent=11830"}],"wp:term":[{"taxonomy":"product_brand","embeddable":true,"href":"https:\/\/amixadvertising.com\/de\/wp-json\/wp\/v2\/product_brand?post=11830"},{"taxonomy":"product_cat","embeddable":true,"href":"https:\/\/amixadvertising.com\/de\/wp-json\/wp\/v2\/product_cat?post=11830"},{"taxonomy":"product_tag","embeddable":true,"href":"https:\/\/amixadvertising.com\/de\/wp-json\/wp\/v2\/product_tag?post=11830"}],"curies":[{"name":"wp","href":"https:\/\/api.w.org\/{rel}","templated":true}]}}