{"id":11826,"date":"2025-04-27T19:47:15","date_gmt":"2025-04-27T16:47:15","guid":{"rendered":"https:\/\/amixadvertising.com\/product\/leuchtkasten\/"},"modified":"2025-04-27T19:47:15","modified_gmt":"2025-04-27T16:47:15","slug":"leuchtkasten","status":"publish","type":"product","link":"https:\/\/amixadvertising.com\/de\/product\/leuchtkasten\/","title":{"rendered":"Leuchtkasten"},"content":{"rendered":"<p>Design und Herstellung von Leuchtk\u00e4sten<\/p>\n<p>Hochwertiger Flexdruck, robustes, tragf\u00e4higes Eisen mit einer Zellophanschicht zum Schutz vor Sonne und Staub. Alle LED-Lampen haben eine lange Lebensdauer mit hoher Leuchtkraft, eine Ikon-Blechverkleidung, die gegen Rost behandelt ist und zum Schutz vor Sonne und Regen dient, sowie eine zus\u00e4tzliche Verkleidung mit Aluminium, um ein attraktives Aussehen und doppelten Schutz zu gew\u00e4hrleisten.<br \/>\nAmix zeichnet sich durch seine f\u00fchrende und einzigartige Rolle beim Drucken von Leuchtk\u00e4sten mit den sch\u00f6nsten, passenden und attraktiven Designs und Formen aus, die die Aufmerksamkeit auf sich ziehen.<br \/>\nKontaktieren Sie uns jetzt, um den Leuchtkasten in h\u00f6chster Qualit\u00e4t zu erhalten.  <\/p>\n","protected":false},"excerpt":{"rendered":"<p>\u2013 Hochwertiger Flexdruck \u2013 Robustes, tragf\u00e4higes Eisen \u2013 Zellophanschicht zum Schutz vor Sonne und Staub<br \/>\n\u2013 Alle LED-Lampen f\u00fcr eine l\u00e4ngere Lebensdauer mit hoher Leuchtkraft<br \/>\n\u2013 Ikon-Blechverkleidung, die gegen Rost behandelt ist und zum Schutz vor Sonne und Regen dient<br \/>\n\u2013 Zus\u00e4tzliche Verkleidung mit Aluminium, um ein attraktives Aussehen und doppelten Schutz zu gew\u00e4hrleisten<br \/>\nDer Preis beinhaltet Design und Druck. Alle Gr\u00f6\u00dfen sind verf\u00fcgbar. <\/p>\n","protected":false},"featured_media":11827,"comment_status":"open","ping_status":"closed","template":"","meta":{"_acf_changed":false},"product_brand":[],"product_cat":[58],"product_tag":[],"class_list":{"0":"post-11826","1":"product","2":"type-product","3":"status-publish","4":"has-post-thumbnail","6":"product_cat-panels-and-facades","8":"first","9":"instock","10":"shipping-taxable","11":"product-type-simple"},"exclude_global_add_ons":false,"addons":[{"name":"\u0623\u0643\u062a\u0628 \u0645\u0644\u0627\u062d\u0638\u0627\u062a\u0643 \u0645\u0639 \u0627\u0644\u0637\u0644\u0628","type":"custom_textarea","position":0,"required":false,"title_format":"label","default":"","description_enable":true,"description":"\u062d\u062f \u0627\u0642\u0635\u064a 400 \u062d\u0631\u0641","placeholder_enable":false,"placeholder":"","display":"select","restrictions_type":"any_text","adjust_price":false,"price":"","price_type":"flat_fee","restrictions":true,"min":"0","max":"400","options":[],"id":1745795356},{"name":"\u0647\u0644 \u064a\u0648\u062c\u062f \u0644\u062f\u064a\u0643 \u062a\u0635\u0645\u064a\u0645 (\u0627\u0631\u0641\u0639 \u062a\u0635\u0645\u064a\u0645)","type":"file_upload","position":1,"required":false,"title_format":"label","default":"","description_enable":false,"description":"","placeholder_enable":false,"placeholder":"","display":"select","restrictions_type":"any_text","adjust_price":false,"price":"","price_type":"flat_fee","restrictions":false,"min":"0","max":"0","options":[],"id":1745795357}],"acf":[],"_links":{"self":[{"href":"https:\/\/amixadvertising.com\/de\/wp-json\/wp\/v2\/product\/11826","targetHints":{"allow":["GET"]}}],"collection":[{"href":"https:\/\/amixadvertising.com\/de\/wp-json\/wp\/v2\/product"}],"about":[{"href":"https:\/\/amixadvertising.com\/de\/wp-json\/wp\/v2\/types\/product"}],"replies":[{"embeddable":true,"href":"https:\/\/amixadvertising.com\/de\/wp-json\/wp\/v2\/comments?post=11826"}],"wp:featuredmedia":[{"embeddable":true,"href":"https:\/\/amixadvertising.com\/de\/wp-json\/wp\/v2\/media\/11827"}],"wp:attachment":[{"href":"https:\/\/amixadvertising.com\/de\/wp-json\/wp\/v2\/media?parent=11826"}],"wp:term":[{"taxonomy":"product_brand","embeddable":true,"href":"https:\/\/amixadvertising.com\/de\/wp-json\/wp\/v2\/product_brand?post=11826"},{"taxonomy":"product_cat","embeddable":true,"href":"https:\/\/amixadvertising.com\/de\/wp-json\/wp\/v2\/product_cat?post=11826"},{"taxonomy":"product_tag","embeddable":true,"href":"https:\/\/amixadvertising.com\/de\/wp-json\/wp\/v2\/product_tag?post=11826"}],"curies":[{"name":"wp","href":"https:\/\/api.w.org\/{rel}","templated":true}]}}