{"id":11822,"date":"2025-04-27T19:47:15","date_gmt":"2025-04-27T16:47:15","guid":{"rendered":"https:\/\/amixadvertising.com\/product\/hervorgehobene-buchstaben\/"},"modified":"2025-04-27T19:47:15","modified_gmt":"2025-04-27T16:47:15","slug":"hervorgehobene-buchstaben","status":"publish","type":"product","link":"https:\/\/amixadvertising.com\/de\/product\/hervorgehobene-buchstaben\/","title":{"rendered":"Hervorgehobene Buchstaben"},"content":{"rendered":"<p>Hervorgehobene Buchstaben<\/p>\n<p>Hervorgehobene, beleuchtete und nicht beleuchtete Buchstaben aus Kunststoff in Kunststoff oder Acryl.<br \/>\n Das bedeutet, dass der Buchstabe vollst\u00e4ndig aus Kunststoff gefertigt ist, sowohl die Vorderseite als auch die Seite. Eine andere Bezeichnung daf\u00fcr ist Acrylbuchstaben. Es handelt sich um dasselbe: Acryl oder Kunststoff oder Plexiglas. Diese Buchstaben werden am h\u00e4ufigsten auf Fassadenverkleidungen verwendet.<br \/>\nDer Preis f\u00fcr hervorgehobene Buchstaben betr\u00e4gt 50 cm Breite, inklusive Beleuchtung und Montage. <\/p>\n","protected":false},"excerpt":{"rendered":"<p>Der Preis beinhaltet Design, Ausf\u00fchrung und Beleuchtung. Wir bieten verschiedene Gr\u00f6\u00dfen an. <\/p>\n","protected":false},"featured_media":11823,"comment_status":"open","ping_status":"closed","template":"","meta":{"_acf_changed":false},"product_brand":[],"product_cat":[58],"product_tag":[],"class_list":{"0":"post-11822","1":"product","2":"type-product","3":"status-publish","4":"has-post-thumbnail","6":"product_cat-panels-and-facades","8":"first","9":"instock","10":"shipping-taxable","11":"product-type-variable"},"exclude_global_add_ons":false,"addons":[{"name":"\u0623\u0643\u062a\u0628 \u0645\u0644\u0627\u062d\u0638\u0627\u062a\u0643 \u0645\u0639 \u0627\u0644\u0637\u0644\u0628","type":"custom_textarea","position":0,"required":false,"title_format":"label","default":"","description_enable":true,"description":"\u062d\u062f \u0627\u0642\u0635\u064a 400 \u062d\u0631\u0641","placeholder_enable":false,"placeholder":"","display":"select","restrictions_type":"any_text","adjust_price":false,"price":"","price_type":"flat_fee","restrictions":true,"min":"0","max":"400","options":[],"id":1745795356},{"name":"\u0647\u0644 \u064a\u0648\u062c\u062f \u0644\u062f\u064a\u0643 \u062a\u0635\u0645\u064a\u0645 (\u0627\u0631\u0641\u0639 \u062a\u0635\u0645\u064a\u0645)","type":"file_upload","position":1,"required":false,"title_format":"label","default":"","description_enable":false,"description":"","placeholder_enable":false,"placeholder":"","display":"select","restrictions_type":"any_text","adjust_price":false,"price":"","price_type":"flat_fee","restrictions":false,"min":"0","max":"0","options":[],"id":1745795357}],"acf":[],"_links":{"self":[{"href":"https:\/\/amixadvertising.com\/de\/wp-json\/wp\/v2\/product\/11822","targetHints":{"allow":["GET"]}}],"collection":[{"href":"https:\/\/amixadvertising.com\/de\/wp-json\/wp\/v2\/product"}],"about":[{"href":"https:\/\/amixadvertising.com\/de\/wp-json\/wp\/v2\/types\/product"}],"replies":[{"embeddable":true,"href":"https:\/\/amixadvertising.com\/de\/wp-json\/wp\/v2\/comments?post=11822"}],"wp:featuredmedia":[{"embeddable":true,"href":"https:\/\/amixadvertising.com\/de\/wp-json\/wp\/v2\/media\/11823"}],"wp:attachment":[{"href":"https:\/\/amixadvertising.com\/de\/wp-json\/wp\/v2\/media?parent=11822"}],"wp:term":[{"taxonomy":"product_brand","embeddable":true,"href":"https:\/\/amixadvertising.com\/de\/wp-json\/wp\/v2\/product_brand?post=11822"},{"taxonomy":"product_cat","embeddable":true,"href":"https:\/\/amixadvertising.com\/de\/wp-json\/wp\/v2\/product_cat?post=11822"},{"taxonomy":"product_tag","embeddable":true,"href":"https:\/\/amixadvertising.com\/de\/wp-json\/wp\/v2\/product_tag?post=11822"}],"curies":[{"name":"wp","href":"https:\/\/api.w.org\/{rel}","templated":true}]}}