{"id":11812,"date":"2025-04-27T19:47:12","date_gmt":"2025-04-27T16:47:12","guid":{"rendered":"https:\/\/amixadvertising.com\/product\/medaillen\/"},"modified":"2025-04-27T19:47:12","modified_gmt":"2025-04-27T16:47:12","slug":"medaillen","status":"publish","type":"product","link":"https:\/\/amixadvertising.com\/de\/product\/medaillen\/","title":{"rendered":"Medaillen"},"content":{"rendered":"<p>Medaillen drucken<\/p>\n<p>Die Medaille ist ein einfaches Geschenk, das Sie Ihren Kunden machen k\u00f6nnen. Trotz ihrer Einfachheit ist sie eine der erfolgreichsten Arten des Marketings, da sie ein sch\u00f6nes Andenken an Ihr Unternehmen darstellt und t\u00e4glich verwendet wird.<br \/>\nAmix Advertising bietet Ihnen die besten Druckarten, Farben und unverwechselbare Designs sowie die besten Medaillenmaterialien (Acryl \u00e4hnelt Kristall in seiner Reinheit und ist leichter als Glas, Kunststoffmedaille mit Farbaufdruck auf Vorder- und R\u00fcckseite, Holzmedaille mit Laserdruck auf Vorder- und R\u00fcckseite).<br \/>\n Kontaktieren Sie uns jetzt!    <\/p>\n","protected":false},"excerpt":{"rendered":"<p>Der Preis beinhaltet Design und Druck, Acrylmedaillen \u2013 Kunststoff mit Farbaufdruck auf Vorder- und R\u00fcckseite \u2013 Holz mit Laserdruck auf Vorder- und R\u00fcckseite <\/p>\n","protected":false},"featured_media":0,"comment_status":"open","ping_status":"closed","template":"","meta":{"_acf_changed":false},"product_brand":[],"product_cat":[55],"product_tag":[],"class_list":{"0":"post-11812","1":"product","2":"type-product","3":"status-publish","5":"product_cat-corporate-gifts","7":"first","8":"instock","9":"shipping-taxable","10":"product-type-variable"},"exclude_global_add_ons":false,"addons":[{"name":"\u0623\u0643\u062a\u0628 \u0645\u0644\u0627\u062d\u0638\u0627\u062a\u0643 \u0645\u0639 \u0627\u0644\u0637\u0644\u0628","type":"custom_textarea","position":0,"required":false,"title_format":"label","default":"","description_enable":true,"description":"\u062d\u062f \u0627\u0642\u0635\u064a 400 \u062d\u0631\u0641","placeholder_enable":false,"placeholder":"","display":"select","restrictions_type":"any_text","adjust_price":false,"price":"","price_type":"flat_fee","restrictions":true,"min":"0","max":"400","options":[],"id":1745795356},{"name":"\u0647\u0644 \u064a\u0648\u062c\u062f \u0644\u062f\u064a\u0643 \u062a\u0635\u0645\u064a\u0645 (\u0627\u0631\u0641\u0639 \u062a\u0635\u0645\u064a\u0645)","type":"file_upload","position":1,"required":false,"title_format":"label","default":"","description_enable":false,"description":"","placeholder_enable":false,"placeholder":"","display":"select","restrictions_type":"any_text","adjust_price":false,"price":"","price_type":"flat_fee","restrictions":false,"min":"0","max":"0","options":[],"id":1745795357}],"acf":[],"_links":{"self":[{"href":"https:\/\/amixadvertising.com\/de\/wp-json\/wp\/v2\/product\/11812","targetHints":{"allow":["GET"]}}],"collection":[{"href":"https:\/\/amixadvertising.com\/de\/wp-json\/wp\/v2\/product"}],"about":[{"href":"https:\/\/amixadvertising.com\/de\/wp-json\/wp\/v2\/types\/product"}],"replies":[{"embeddable":true,"href":"https:\/\/amixadvertising.com\/de\/wp-json\/wp\/v2\/comments?post=11812"}],"wp:attachment":[{"href":"https:\/\/amixadvertising.com\/de\/wp-json\/wp\/v2\/media?parent=11812"}],"wp:term":[{"taxonomy":"product_brand","embeddable":true,"href":"https:\/\/amixadvertising.com\/de\/wp-json\/wp\/v2\/product_brand?post=11812"},{"taxonomy":"product_cat","embeddable":true,"href":"https:\/\/amixadvertising.com\/de\/wp-json\/wp\/v2\/product_cat?post=11812"},{"taxonomy":"product_tag","embeddable":true,"href":"https:\/\/amixadvertising.com\/de\/wp-json\/wp\/v2\/product_tag?post=11812"}],"curies":[{"name":"wp","href":"https:\/\/api.w.org\/{rel}","templated":true}]}}